{"id":30735,"date":"2023-11-14T16:27:27","date_gmt":"2023-11-14T15:27:27","guid":{"rendered":"https:\/\/sriconsulting.ch\/?page_id=30735"},"modified":"2023-12-07T10:00:24","modified_gmt":"2023-12-07T09:00:24","slug":"privacy-policy","status":"publish","type":"page","link":"https:\/\/sriconsulting.ch\/de\/privacy-policy\/","title":{"rendered":"Privacy policy"},"content":{"rendered":"<div class=\"wpb-content-wrapper\"><p>[vc_row][vc_column]<div class=\"dfd-spacer-module\"  data-units=\"px\" data-wide_resolution=\"1280\" data-wide_size=\"100\" data-normal_resolution=\"1024\" data-normal_size=\"100\" data-tablet_resolution=\"800\" data-tablet_size=\"80\" data-mobile_resolution=\"480\" data-mobile_size=\"80\" style=\"height: 100px;\"><\/div>[\/vc_column][\/vc_row][vc_row force_equal_height_columns=&#8220;main_row&#8220; align_content_vertically=&#8220;&#8220; mobile_destroy_equal_heights_resolution=&#8220;799&#8243; css=&#8220;.vc_custom_1697119425100{padding-right: 20px !important;padding-left: 20px !important;}&#8220; mobile_destroy_equal_heights=&#8220;yes&#8220;][vc_column width=&#8220;1\/6&#8243; col_shadow=&#8220;box_shadow_enable:disable|shadow_horizontal:0|shadow_vertical:15|shadow_blur:50|shadow_spread:0|box_shadow_color:rgba(0%2C0%2C0%2C.35)&#8220; col_shadow_hover=&#8220;box_shadow_enable:disable|shadow_horizontal:0|shadow_vertical:15|shadow_blur:50|shadow_spread:0|box_shadow_color:rgba(0%2C0%2C0%2C.35)&#8220;][\/vc_column][vc_column width=&#8220;2\/3&#8243;]<div class=\"dfd-heading-shortcode\"><div class=\"dfd-heading-module-wrap sottolineato text-left style_01 cr-animate-gen dfd-heading-69d66358ee66d dfd-disable-resposive-headings\" id=\"dfd-heading-69d66358ee66d\" data-animate-type = \"transition.slideLeftIn\" ><div class=\"inline-block\"><div class=\"dfd-heading-module\"><h1 class=\"widget-title dfd-title \" style=\"\">Privacy &amp; Cookie policy<\/h1><\/div><\/div><\/div><script type=\"text\/javascript\">\r\n\t\t\t\t\t\t\t\t\t(function($) {\r\n\t\t\t\t\t\t\t\t\t\t$(\"head\").append(\"<style>.dfd-heading-69d66358ee66d .dfd-heading-module .widget-title {margin-bottom:15px;}.dfd-heading-69d66358ee66d.dfd-heading-module-wrap .dfd-heading-module .dfd-heading-delimiter {margin-top:10px;margin-bottom:10px;}@media (max-width: 1023px) and (min-width: 800px){.dfd-heading-69d66358ee66d .dfd-title{font-size: 40px !important;letter-spacing: 0px !important;line-height: 55px !important;}}@media (max-width: 799px){.dfd-heading-69d66358ee66d .dfd-title{font-size: 38px !important;letter-spacing: 0px !important;line-height: 52px !important;}}<\/style>\");\r\n\t\t\t\t\t\t\t\t\t})(jQuery);\r\n\t\t\t\t\t\t\t\t<\/script><\/div>[vc_column_text]<strong>Warnungen<\/strong><br \/>\nPersonen, welche die Website sriconsulting.ch abrufen wollen, erkl\u00e4ren sich mit den nachstehenden Bedingungen einverstanden.<\/p>\n<p><strong>Urheberrecht und Markenrecht<\/strong><br \/>\nDer gesamte Inhalt der Website sriconsulting.ch unterliegt dem Schutz des Urheberrechts. Alle Rechte geh\u00f6ren zu SRI Management Consulting oder dritten Parteien. Die Elemente auf der Website sriconsulting.ch sind nur f\u00fcr Zwecke der Informationssuche (Browsing) frei zug\u00e4nglich.<br \/>\nDas Reproduzieren, \u00dcbermitteln, Modifizieren, Verkn\u00fcpfen oder Benutzen der Website sriconsulting.ch f\u00fcr \u00f6ffentliche oder kommerzielle Zwecke ist ohne vorherige schriftliche Zustimmung der SRI Management Consulting untersagt.<\/p>\n<p><strong>Einschr\u00e4nkung der Haftung<\/strong><br \/>\nSRI Management Consulting schliesst uneingeschr\u00e4nkt (auch bei Fahrl\u00e4ssigkeit) jede Haftung f\u00fcr direkte, indirekte oder Folgesch\u00e4den aus, die sich aus dem Zugriff auf die Elemente der Website sriconsulting.ch oder deren Benutzung bzw. aus der Unm\u00f6glichkeit, auf diese zuzugreifen oder diese zu benutzen, oder aus der Verkn\u00fcpfung mit anderen Websites ergeben sollten.<\/p>\n<p><strong>Datenschutz<\/strong><br \/>\nSRI Management Consulting misst dem Schutz personenbezogener Daten einen hohen Stellenwert bei. Mit dem Besuch der Website sriconsulting.ch k\u00f6nnen Sie entscheiden, welche pers\u00f6nlichen Daten Sie uns bekannt geben m\u00f6chten. Wir weisen Sie darauf hin, dass wir durch Ihren Besuch auf unserer Website automatisch Informationen erhalten, die es uns erm\u00f6glichen zu bestimmen, wie Sie unsere Website nutzen.<\/p>\n<p><strong>Cookies<\/strong><br \/>\nCookies sind kleine Textdateien, die eine Website an Ihren Browser senden kann, um datenbankgest\u00fctzte Systeme besser zu unterst\u00fctzen.<\/p>\n<p>Wir verwenden Cookies von Drittanbietern, um anonyme Informationen \u00fcber die Nutzung der Website zu sammeln, um die Leistung zu verbessern und die Pr\u00e4ferenzen der Nutzer besser zu verstehen. Dar\u00fcber hinaus erm\u00f6glichen es Cookies der Website, sich an die von Ihnen getroffenen Entscheidungen zu erinnern, z. B. an die von Ihnen gew\u00e4hlte Sprache, um Ihr Nutzererlebnis zu verbessern.<\/p>\n<p>Wir m\u00f6chten Sie darauf hinweisen, dass Sie die M\u00f6glichkeit haben, Ihren Browser so einzustellen, dass er Sie warnt, wenn Sie Cookie erhalten oder es automatisch ablehnt.<\/p>\n<p><strong>Erfassung von Daten<\/strong><br \/>\nDiese Website benutzt Google Analytics, einen Webanalysedienst der Google Inc. (&#8222;Google&#8220;). Google Analytics verwendet sog. &#8222;Cookies&#8220;, Textdateien, die auf Ihrem Computer gespeichert werden und die eine Analyse der Benutzung der Website durch Sie erm\u00f6glichen. Die durch Cookie erzeugten Informationen \u00fcber Ihre Benutzung dieser Website (einschlie\u00dflich Ihrer IP-Adresse) werden an einen Server von Google in den Vereinigten Staaten \u00fcbertragen und dort gespeichert. Google wird diese Informationen benutzen, um Ihre Nutzung der Website auszuwerten, um Reports \u00fcber die Websiteaktivit\u00e4ten f\u00fcr die Websitebetreiber zusammenzustellen und um weitere mit der Websitenutzung und der Internetnutzung verbundene Dienstleistungen zu erbringen. Auch wird Google diese Informationen gegebenenfalls an Dritte \u00fcbertragen, sofern dies gesetzlich vorgeschrieben oder soweit Dritte diese Daten im Auftrag von Google verarbeiten. Google wird Ihre IP-Adresse nicht mit anderen von Google gespeicherten Daten in Verbindung bringen. Sie k\u00f6nnen die Installation der Cookies durch eine entsprechende Einstellung Ihrer Browser Software verhindern; wir weisen Sie jedoch darauf hin, dass Sie in diesem Fall gegebenenfalls nicht s\u00e4mtliche Funktionen dieser Website voll umf\u00e4nglich nutzen k\u00f6nnen. Durch die Nutzung dieser Website erkl\u00e4ren Sie sich mit der Bearbeitung der \u00fcber Sie erhobenen Daten durch Google in der zuvor beschriebenen Art und Weise und zu dem zuvor benannten Zweck einverstanden.<\/p>\n<p><strong>\u00c4nderungen und Aktualisierungen<\/strong><br \/>\nDieser Datenschutzhinweis kann jederzeit und ohne vorherige Ank\u00fcndigung ge\u00e4ndert werden. Die aktuelle Version wird auf unserer Website st\u00e4ndig abrufbar sein.<\/p>\n<p><strong>Kontaktinformationen<\/strong><br \/>\nWenn Sie Fragen zur Datenverwaltung haben, wenden Sie sich bitte an:<br \/>\nSRI Management Consulting SA<br \/>\nPiazza Indipendenza 3<br \/>\n6830 Chiasso[\/vc_column_text][\/vc_column][vc_column width=&#8220;1\/6&#8243;][\/vc_column][\/vc_row][vc_row][vc_column]<div class=\"dfd-spacer-module\"  data-units=\"px\" data-wide_resolution=\"1280\" data-wide_size=\"250\" data-normal_resolution=\"1024\" data-normal_size=\"200\" data-tablet_resolution=\"800\" data-tablet_size=\"200\" data-mobile_resolution=\"480\" data-mobile_size=\"150\" style=\"height: 250px;\"><\/div>[\/vc_column][\/vc_row]<\/p>\n<\/div>","protected":false},"excerpt":{"rendered":"<p>[vc_row][vc_column][\/vc_column][\/vc_row][vc_row force_equal_height_columns=&#8220;main_row&#8220; align_content_vertically=&#8220;&#8220; mobile_destroy_equal_heights_resolution=&#8220;799&#8243; css=&#8220;.vc_custom_1697119425100{padding-right: 20px !important;padding-left: 20px !important;}&#8220; mobile_destroy_equal_heights=&#8220;yes&#8220;][vc_column width=&#8220;1\/6&#8243; col_shadow=&#8220;box_shadow_enable:disable|shadow_horizontal:0|shadow_vertical:15|shadow_blur:50|shadow_spread:0|box_shadow_color:rgba(0%2C0%2C0%2C.35)&#8220; col_shadow_hover=&#8220;box_shadow_enable:disable|shadow_horizontal:0|shadow_vertical:15|shadow_blur:50|shadow_spread:0|box_shadow_color:rgba(0%2C0%2C0%2C.35)&#8220;][\/vc_column][vc_column width=&#8220;2\/3&#8243;][vc_column_text]Warnungen Personen, welche die Website sriconsulting.ch abrufen wollen, erkl\u00e4ren sich mit den nachstehenden Bedingungen einverstanden. Urheberrecht und<\/p>\n","protected":false},"author":1,"featured_media":0,"parent":0,"menu_order":0,"comment_status":"closed","ping_status":"closed","template":"page-custom.php","meta":{"inline_featured_image":false,"_monsterinsights_skip_tracking":false,"_monsterinsights_sitenote_active":false,"_monsterinsights_sitenote_note":"","_monsterinsights_sitenote_category":0,"footnotes":""},"class_list":["post-30735","page","type-page","status-publish","hentry"],"yoast_head":"<!-- This site is optimized with the Yoast SEO plugin v25.1 - https:\/\/yoast.com\/wordpress\/plugins\/seo\/ -->\n<title>Privacy policy - SRI<\/title>\n<meta name=\"robots\" content=\"noindex, nofollow\" \/>\n<meta property=\"og:locale\" content=\"de_DE\" \/>\n<meta property=\"og:type\" content=\"article\" \/>\n<meta property=\"og:title\" content=\"Privacy policy - SRI\" \/>\n<meta property=\"og:description\" content=\"[vc_row][vc_column][\/vc_column][\/vc_row][vc_row force_equal_height_columns=&#8220;main_row&#8220; align_content_vertically=&#8220;&#8220; mobile_destroy_equal_heights_resolution=&#8220;799&#8243; css=&#8220;.vc_custom_1697119425100{padding-right: 20px !important;padding-left: 20px !important;}&#8220; mobile_destroy_equal_heights=&#8220;yes&#8220;][vc_column width=&#8220;1\/6&#8243; col_shadow=&#8220;box_shadow_enable:disable|shadow_horizontal:0|shadow_vertical:15|shadow_blur:50|shadow_spread:0|box_shadow_color:rgba(0%2C0%2C0%2C.35)&#8220; col_shadow_hover=&#8220;box_shadow_enable:disable|shadow_horizontal:0|shadow_vertical:15|shadow_blur:50|shadow_spread:0|box_shadow_color:rgba(0%2C0%2C0%2C.35)&#8220;][\/vc_column][vc_column width=&#8220;2\/3&#8243;][vc_column_text]Warnungen Personen, welche die Website sriconsulting.ch abrufen wollen, erkl\u00e4ren sich mit den nachstehenden Bedingungen einverstanden. Urheberrecht und\" \/>\n<meta property=\"og:url\" content=\"https:\/\/sriconsulting.ch\/de\/privacy-policy\/\" \/>\n<meta property=\"og:site_name\" content=\"SRI\" \/>\n<meta property=\"article:modified_time\" content=\"2023-12-07T09:00:24+00:00\" \/>\n<meta name=\"twitter:card\" content=\"summary_large_image\" \/>\n<meta name=\"twitter:label1\" content=\"Gesch\u00e4tzte Lesezeit\" \/>\n\t<meta name=\"twitter:data1\" content=\"4\u00a0Minuten\" \/>\n<script type=\"application\/ld+json\" class=\"yoast-schema-graph\">{\"@context\":\"https:\/\/schema.org\",\"@graph\":[{\"@type\":\"WebPage\",\"@id\":\"https:\/\/sriconsulting.ch\/de\/privacy-policy\/\",\"url\":\"https:\/\/sriconsulting.ch\/de\/privacy-policy\/\",\"name\":\"Privacy policy - SRI\",\"isPartOf\":{\"@id\":\"http:\/\/sriconsulting.ch\/de\/#website\"},\"datePublished\":\"2023-11-14T15:27:27+00:00\",\"dateModified\":\"2023-12-07T09:00:24+00:00\",\"breadcrumb\":{\"@id\":\"https:\/\/sriconsulting.ch\/de\/privacy-policy\/#breadcrumb\"},\"inLanguage\":\"de\",\"potentialAction\":[{\"@type\":\"ReadAction\",\"target\":[\"https:\/\/sriconsulting.ch\/de\/privacy-policy\/\"]}]},{\"@type\":\"BreadcrumbList\",\"@id\":\"https:\/\/sriconsulting.ch\/de\/privacy-policy\/#breadcrumb\",\"itemListElement\":[{\"@type\":\"ListItem\",\"position\":1,\"name\":\"Home\",\"item\":\"https:\/\/sriconsulting.ch\/de\/\"},{\"@type\":\"ListItem\",\"position\":2,\"name\":\"Privacy policy\"}]},{\"@type\":\"WebSite\",\"@id\":\"http:\/\/sriconsulting.ch\/de\/#website\",\"url\":\"http:\/\/sriconsulting.ch\/de\/\",\"name\":\"SRI Management Consulting\",\"description\":\"MANAGEMENT CONSULTING\",\"publisher\":{\"@id\":\"http:\/\/sriconsulting.ch\/de\/#organization\"},\"potentialAction\":[{\"@type\":\"SearchAction\",\"target\":{\"@type\":\"EntryPoint\",\"urlTemplate\":\"http:\/\/sriconsulting.ch\/de\/?s={search_term_string}\"},\"query-input\":{\"@type\":\"PropertyValueSpecification\",\"valueRequired\":true,\"valueName\":\"search_term_string\"}}],\"inLanguage\":\"de\"},{\"@type\":\"Organization\",\"@id\":\"http:\/\/sriconsulting.ch\/de\/#organization\",\"name\":\"SRI Management Consulting\",\"url\":\"http:\/\/sriconsulting.ch\/de\/\",\"logo\":{\"@type\":\"ImageObject\",\"inLanguage\":\"de\",\"@id\":\"http:\/\/sriconsulting.ch\/de\/#\/schema\/logo\/image\/\",\"url\":\"http:\/\/sriconsulting.ch\/wp-content\/uploads\/2023\/06\/SRI_logo_positivo.svg\",\"contentUrl\":\"http:\/\/sriconsulting.ch\/wp-content\/uploads\/2023\/06\/SRI_logo_positivo.svg\",\"width\":\"1024\",\"height\":\"1024\",\"caption\":\"SRI Management Consulting\"},\"image\":{\"@id\":\"http:\/\/sriconsulting.ch\/de\/#\/schema\/logo\/image\/\"},\"sameAs\":[\"https:\/\/www.linkedin.com\/company\/sri-management-consulting\/?original_referer=httpssriconsulting.ch\"]}]}<\/script>\n<!-- \/ Yoast SEO plugin. -->","yoast_head_json":{"title":"Privacy policy - SRI","robots":{"index":"noindex","follow":"nofollow"},"og_locale":"de_DE","og_type":"article","og_title":"Privacy policy - SRI","og_description":"[vc_row][vc_column][\/vc_column][\/vc_row][vc_row force_equal_height_columns=&#8220;main_row&#8220; align_content_vertically=&#8220;&#8220; mobile_destroy_equal_heights_resolution=&#8220;799&#8243; css=&#8220;.vc_custom_1697119425100{padding-right: 20px !important;padding-left: 20px !important;}&#8220; mobile_destroy_equal_heights=&#8220;yes&#8220;][vc_column width=&#8220;1\/6&#8243; col_shadow=&#8220;box_shadow_enable:disable|shadow_horizontal:0|shadow_vertical:15|shadow_blur:50|shadow_spread:0|box_shadow_color:rgba(0%2C0%2C0%2C.35)&#8220; col_shadow_hover=&#8220;box_shadow_enable:disable|shadow_horizontal:0|shadow_vertical:15|shadow_blur:50|shadow_spread:0|box_shadow_color:rgba(0%2C0%2C0%2C.35)&#8220;][\/vc_column][vc_column width=&#8220;2\/3&#8243;][vc_column_text]Warnungen Personen, welche die Website sriconsulting.ch abrufen wollen, erkl\u00e4ren sich mit den nachstehenden Bedingungen einverstanden. Urheberrecht und","og_url":"https:\/\/sriconsulting.ch\/de\/privacy-policy\/","og_site_name":"SRI","article_modified_time":"2023-12-07T09:00:24+00:00","twitter_card":"summary_large_image","twitter_misc":{"Gesch\u00e4tzte Lesezeit":"4\u00a0Minuten"},"schema":{"@context":"https:\/\/schema.org","@graph":[{"@type":"WebPage","@id":"https:\/\/sriconsulting.ch\/de\/privacy-policy\/","url":"https:\/\/sriconsulting.ch\/de\/privacy-policy\/","name":"Privacy policy - SRI","isPartOf":{"@id":"http:\/\/sriconsulting.ch\/de\/#website"},"datePublished":"2023-11-14T15:27:27+00:00","dateModified":"2023-12-07T09:00:24+00:00","breadcrumb":{"@id":"https:\/\/sriconsulting.ch\/de\/privacy-policy\/#breadcrumb"},"inLanguage":"de","potentialAction":[{"@type":"ReadAction","target":["https:\/\/sriconsulting.ch\/de\/privacy-policy\/"]}]},{"@type":"BreadcrumbList","@id":"https:\/\/sriconsulting.ch\/de\/privacy-policy\/#breadcrumb","itemListElement":[{"@type":"ListItem","position":1,"name":"Home","item":"https:\/\/sriconsulting.ch\/de\/"},{"@type":"ListItem","position":2,"name":"Privacy policy"}]},{"@type":"WebSite","@id":"http:\/\/sriconsulting.ch\/de\/#website","url":"http:\/\/sriconsulting.ch\/de\/","name":"SRI Management Consulting","description":"MANAGEMENT CONSULTING","publisher":{"@id":"http:\/\/sriconsulting.ch\/de\/#organization"},"potentialAction":[{"@type":"SearchAction","target":{"@type":"EntryPoint","urlTemplate":"http:\/\/sriconsulting.ch\/de\/?s={search_term_string}"},"query-input":{"@type":"PropertyValueSpecification","valueRequired":true,"valueName":"search_term_string"}}],"inLanguage":"de"},{"@type":"Organization","@id":"http:\/\/sriconsulting.ch\/de\/#organization","name":"SRI Management Consulting","url":"http:\/\/sriconsulting.ch\/de\/","logo":{"@type":"ImageObject","inLanguage":"de","@id":"http:\/\/sriconsulting.ch\/de\/#\/schema\/logo\/image\/","url":"http:\/\/sriconsulting.ch\/wp-content\/uploads\/2023\/06\/SRI_logo_positivo.svg","contentUrl":"http:\/\/sriconsulting.ch\/wp-content\/uploads\/2023\/06\/SRI_logo_positivo.svg","width":"1024","height":"1024","caption":"SRI Management Consulting"},"image":{"@id":"http:\/\/sriconsulting.ch\/de\/#\/schema\/logo\/image\/"},"sameAs":["https:\/\/www.linkedin.com\/company\/sri-management-consulting\/?original_referer=httpssriconsulting.ch"]}]}},"_links":{"self":[{"href":"https:\/\/sriconsulting.ch\/de\/wp-json\/wp\/v2\/pages\/30735","targetHints":{"allow":["GET"]}}],"collection":[{"href":"https:\/\/sriconsulting.ch\/de\/wp-json\/wp\/v2\/pages"}],"about":[{"href":"https:\/\/sriconsulting.ch\/de\/wp-json\/wp\/v2\/types\/page"}],"author":[{"embeddable":true,"href":"https:\/\/sriconsulting.ch\/de\/wp-json\/wp\/v2\/users\/1"}],"replies":[{"embeddable":true,"href":"https:\/\/sriconsulting.ch\/de\/wp-json\/wp\/v2\/comments?post=30735"}],"version-history":[{"count":10,"href":"https:\/\/sriconsulting.ch\/de\/wp-json\/wp\/v2\/pages\/30735\/revisions"}],"predecessor-version":[{"id":31294,"href":"https:\/\/sriconsulting.ch\/de\/wp-json\/wp\/v2\/pages\/30735\/revisions\/31294"}],"wp:attachment":[{"href":"https:\/\/sriconsulting.ch\/de\/wp-json\/wp\/v2\/media?parent=30735"}],"curies":[{"name":"wp","href":"https:\/\/api.w.org\/{rel}","templated":true}]}}