{"id":30474,"date":"2023-07-21T13:52:31","date_gmt":"2023-07-21T11:52:31","guid":{"rendered":"https:\/\/sriconsulting.ch\/news\/"},"modified":"2023-12-07T10:13:55","modified_gmt":"2023-12-07T09:13:55","slug":"news","status":"publish","type":"page","link":"https:\/\/sriconsulting.ch\/de\/news\/","title":{"rendered":"News"},"content":{"rendered":"<div class=\"wpb-content-wrapper\"><p>[vc_row][vc_column]\n\t\t\t<!-- START News REVOLUTION SLIDER 6.7.28 --><p class=\"rs-p-wp-fix\"><\/p>\n\t\t\t<rs-module-wrap id=\"rev_slider_71_1_wrapper\" data-source=\"gallery\" style=\"visibility:hidden;background:transparent;padding:0;margin:0px auto;margin-top:0;margin-bottom:0;\">\n\t\t\t\t<rs-module id=\"rev_slider_71_1\" style=\"\" data-version=\"6.7.28\">\n\t\t\t\t\t<rs-slides style=\"overflow: hidden; position: absolute;\">\n\t\t\t\t\t\t<rs-slide style=\"position: absolute;\" data-key=\"rs-136\" data-title=\"Slide\" data-in=\"o:0;\" data-out=\"a:false;\">\n\t\t\t\t\t\t\t<img decoding=\"async\" src=\"\/\/sriconsulting.ch\/wp-content\/plugins\/revslider\/sr6\/assets\/assets\/dummy.png\" alt=\"Slide\" title=\"News\" class=\"rev-slidebg tp-rs-img rs-lazyload\" data-lazyload=\"\/\/sriconsulting.ch\/wp-content\/plugins\/revslider\/sr6\/assets\/assets\/transparent.png\" data-no-retina>\n<!--\t\t\t\t\t\t--><rs-zone id=\"rrzb_136\" class=\"rev_row_zone_bottom\" style=\"z-index: 5;\"><!--\n\n\t\t\t\t\t\t\t\t--><rs-row\n\t\t\t\t\t\t\t\t\tid=\"slider-71-slide-136-layer-0\" \n\t\t\t\t\t\t\t\t\tdata-type=\"row\"\n\t\t\t\t\t\t\t\t\tdata-xy=\"xo:50px;yo:50px;\"\n\t\t\t\t\t\t\t\t\tdata-cbreak=\"nobreak\"\n\t\t\t\t\t\t\t\t\tdata-rsp_o=\"off\"\n\t\t\t\t\t\t\t\t\tdata-rsp_bd=\"off\"\n\t\t\t\t\t\t\t\t\tdata-padding=\"r:100,40,20,20;b:60,60,60,40;l:100,40,20,20;\"\n\t\t\t\t\t\t\t\t\tdata-frame_0=\"o:1;\"\n\t\t\t\t\t\t\t\t\tdata-frame_1=\"st:500;\"\n\t\t\t\t\t\t\t\t\tdata-frame_999=\"o:0;st:w;sA:9000;\"\n\t\t\t\t\t\t\t\t\tstyle=\"z-index:6;\"\n\t\t\t\t\t\t\t\t><!--\n\t\t\t\t\t\t\t\t\t--><rs-column\n\t\t\t\t\t\t\t\t\t\tid=\"slider-71-slide-136-layer-1\" \n\t\t\t\t\t\t\t\t\t\tdata-type=\"column\"\n\t\t\t\t\t\t\t\t\t\tdata-xy=\"xo:50px;yo:50px;\"\n\t\t\t\t\t\t\t\t\t\tdata-rsp_o=\"off\"\n\t\t\t\t\t\t\t\t\t\tdata-rsp_bd=\"off\"\n\t\t\t\t\t\t\t\t\t\tdata-column=\"w:100%;a:bottom;\"\n\t\t\t\t\t\t\t\t\t\tdata-frame_0=\"o:1;\"\n\t\t\t\t\t\t\t\t\t\tdata-frame_999=\"o:0;st:w;sA:9000;\"\n\t\t\t\t\t\t\t\t\t\tstyle=\"z-index:6;width:100%;\"\n\t\t\t\t\t\t\t\t\t><!--\n\t\t\t\t\t\t\t\t\t\t--><rs-layer\n\t\t\t\t\t\t\t\t\t\t\tid=\"slider-71-slide-136-layer-5\" \n\t\t\t\t\t\t\t\t\t\t\tclass=\"montreal\"\n\t\t\t\t\t\t\t\t\t\t\tdata-type=\"text\"\n\t\t\t\t\t\t\t\t\t\t\tdata-xy=\"\"\n\t\t\t\t\t\t\t\t\t\t\tdata-pos=\"r\"\n\t\t\t\t\t\t\t\t\t\t\tdata-text=\"w:normal;s:45,45,40,38;l:55,55,48,45;\"\n\t\t\t\t\t\t\t\t\t\t\tdata-rsp_o=\"off\"\n\t\t\t\t\t\t\t\t\t\t\tdata-rsp_bd=\"off\"\n\t\t\t\t\t\t\t\t\t\t\tdata-margin=\"t:0,0,-38,-80;\"\n\t\t\t\t\t\t\t\t\t\t\tdata-padding=\"b:30,30,30,15;\"\n\t\t\t\t\t\t\t\t\t\t\tdata-frame_0=\"x:-50;\"\n\t\t\t\t\t\t\t\t\t\t\tdata-frame_1=\"st:500;sp:2000;\"\n\t\t\t\t\t\t\t\t\t\t\tdata-frame_999=\"o:0;st:w;\"\n\t\t\t\t\t\t\t\t\t\t\tstyle=\"z-index:8;font-family:'Roboto';\"\n\t\t\t\t\t\t\t\t\t\t>News \n\t\t\t\t\t\t\t\t\t\t<\/rs-layer><!--\n\n\t\t\t\t\t\t\t\t\t\t--><rs-layer\n\t\t\t\t\t\t\t\t\t\t\tid=\"slider-71-slide-136-layer-2\" \n\t\t\t\t\t\t\t\t\t\t\tdata-type=\"image\"\n\t\t\t\t\t\t\t\t\t\t\tdata-xy=\"xo:125px,125px,110px,105px;yo:-39px,-39px,-44px,-47px;\"\n\t\t\t\t\t\t\t\t\t\t\tdata-pos=\"a\"\n\t\t\t\t\t\t\t\t\t\t\tdata-text=\"w:normal;f:left,none,none,right;c:left,none,none,none;\"\n\t\t\t\t\t\t\t\t\t\t\tdata-flcr=\"f:left,none,none,right;c:left,none,none,none;\"\n\t\t\t\t\t\t\t\t\t\t\tdata-dim=\"w:[&#039;50px&#039;,&#039;50px&#039;,&#039;50px&#039;,&#039;50px&#039;];h:[&#039;83px&#039;,&#039;83px&#039;,&#039;83px&#039;,&#039;83px&#039;];\"\n\t\t\t\t\t\t\t\t\t\t\tdata-rsp_o=\"off\"\n\t\t\t\t\t\t\t\t\t\t\tdata-rsp_bd=\"off\"\n\t\t\t\t\t\t\t\t\t\t\tdata-frame_0=\"x:120px,120px,100px,100px;y:-360px,-280px,-300px,-250px;\"\n\t\t\t\t\t\t\t\t\t\t\tdata-frame_1=\"st:500;sp:2000;\"\n\t\t\t\t\t\t\t\t\t\t\tdata-frame_999=\"o:0;st:w;\"\n\t\t\t\t\t\t\t\t\t\t\tstyle=\"z-index:7;\"\n\t\t\t\t\t\t\t\t\t\t><img decoding=\"async\" src=\"\/\/sriconsulting.ch\/wp-content\/plugins\/revslider\/sr6\/assets\/assets\/dummy.png\" alt=\"\" class=\"tp-rs-img rs-lazyload\" width=\"0\" height=\"0\" data-lazyload=\"\/\/www2.sriconsulting.ch\/wp-content\/uploads\/2023\/05\/SRI_I_bianco.svg\" data-no-retina> \n\t\t\t\t\t\t\t\t\t\t<\/rs-layer><!--\n\n\t\t\t\t\t\t\t\t\t\t--><rs-layer\n\t\t\t\t\t\t\t\t\t\t\tid=\"slider-71-slide-136-layer-4\" \n\t\t\t\t\t\t\t\t\t\t\tclass=\"charter\"\n\t\t\t\t\t\t\t\t\t\t\tdata-type=\"text\"\n\t\t\t\t\t\t\t\t\t\t\tdata-xy=\"\"\n\t\t\t\t\t\t\t\t\t\t\tdata-pos=\"r\"\n\t\t\t\t\t\t\t\t\t\t\tdata-text=\"w:normal;s:26,26,24,19;l:32,32,30,24;\"\n\t\t\t\t\t\t\t\t\t\t\tdata-rsp_o=\"off\"\n\t\t\t\t\t\t\t\t\t\t\tdata-rsp_bd=\"off\"\n\t\t\t\t\t\t\t\t\t\t\tdata-frame_0=\"x:-50;\"\n\t\t\t\t\t\t\t\t\t\t\tdata-frame_1=\"st:500;sp:2000;\"\n\t\t\t\t\t\t\t\t\t\t\tdata-frame_999=\"o:0;st:w;\"\n\t\t\t\t\t\t\t\t\t\t\tstyle=\"z-index:6;font-family:'Roboto';\"\n\t\t\t\t\t\t\t\t\t\t>Hier finden Sie die neuesten Nachrichten und Pressemitteilungen von SRI. \n\t\t\t\t\t\t\t\t\t\t<\/rs-layer><!--\n\t\t\t\t\t\t\t\t\t--><\/rs-column><!--\n\t\t\t\t\t\t\t\t--><\/rs-row><!--\n\t\t\t\t\t\t\t--><\/rs-zone><!--\n\n\t\t\t\t\t\t\t--><rs-layer\n\t\t\t\t\t\t\t\tid=\"slider-71-slide-136-layer-3\" \n\t\t\t\t\t\t\t\tclass=\"rs-fsv rs-nolc rs-layer-video intrinsic-ignore\"\n\t\t\t\t\t\t\t\tdata-type=\"video\"\n\t\t\t\t\t\t\t\tdata-xy=\"x:0;y:0;\"\n\t\t\t\t\t\t\t\tdata-text=\"w:normal;\"\n\t\t\t\t\t\t\t\tdata-dim=\"w:100%;h:100%;\"\n\t\t\t\t\t\t\t\tdata-basealign=\"slide\"\n\t\t\t\t\t\t\t\tdata-rsp_o=\"off\"\n\t\t\t\t\t\t\t\tdata-rsp_bd=\"off\"\n\t\t\t\t\t\t\t\tdata-video=\"vfc:true;twa:false;vd:100;rwd:f;fc:true;l:true;ptimer:false;nse:f;sav:f;afs:f;inl:f;\"\n\t\t\t\t\t\t\t\tdata-poster=\"\/\/www2.sriconsulting.ch\/wp-content\/uploads\/revslider\/video-media\/Sfumatura_Test2_1_95_layer.jpeg\"\n\t\t\t\t\t\t\t\tdata-mp4=\"\/\/www2.sriconsulting.ch\/wp-content\/uploads\/2023\/06\/Sfumatura_Test2_1.mp4\"\n\t\t\t\t\t\t\t\tdata-frame_999=\"o:0;st:w;\"\n\t\t\t\t\t\t\t\tstyle=\"z-index:4;\"\n\t\t\t\t\t\t\t>\n\t\t\t\t\t\t\t<\/rs-layer><!--\n-->\t\t\t\t\t<\/rs-slide>\n\t\t\t\t\t<\/rs-slides>\n\t\t\t\t<\/rs-module>\n\t\t\t\t<script>\n\t\t\t\t\tsetREVStartSize({c: 'rev_slider_71_1',rl:[1240,1024,778,480],el:[550,650,650,650],gw:[1240,1024,778,480],gh:[550,650,650,650],type:'hero',justify:'',layout:'fullwidth',mh:\"0\"});if (window.RS_MODULES!==undefined && window.RS_MODULES.modules!==undefined && window.RS_MODULES.modules[\"revslider711\"]!==undefined) {window.RS_MODULES.modules[\"revslider711\"].once = false;window.revapi71 = undefined;if (window.RS_MODULES.checkMinimal!==undefined) window.RS_MODULES.checkMinimal()}\n\t\t\t\t<\/script>\n\t\t\t<\/rs-module-wrap>\n\t\t\t<!-- END REVOLUTION SLIDER -->\n[\/vc_column][\/vc_row][vc_row][vc_column]<div class=\"dfd-spacer-module\"  data-units=\"px\" data-wide_resolution=\"1280\" data-wide_size=\"160\" data-normal_resolution=\"1024\" data-normal_size=\"140\" data-tablet_resolution=\"800\" data-tablet_size=\"120\" data-mobile_resolution=\"480\" data-mobile_size=\"100\" style=\"height: 160px;\"><\/div>[\/vc_column][\/vc_row][vc_row css=&#8220;.vc_custom_1689940555476{padding-right: 20px !important;padding-left: 20px !important;}&#8220;][vc_column]<div class=\"dfd-module-wrapper\"><div class=\"dfd-blog-loop dfd-blog-posts-module  dfd-blog-module-69e29a34d27fd default with-number-decor\" id=\"dfd-blog-module-69e29a34d27fd\">\r\n\t<div class=\"dfd-blog-wrap\">\r\n\t\t\t\t<div class=\"dfd-blog dfd-blog-fitRows dfd-new-isotope \"  data-columns=\"3\" data-layout-style=\"fitRows\" data-item=\"post\">\r\n\t\t\t\t\t\t<div class=\"post-30662 post type-post status-publish format-gallery has-post-thumbnail hentry category-unkategorisiert post_format-post-format-gallery text-left\" >\r\n\t\t\t\t\t<div class=\"cover\">\r\n\t\t\t\t\t\t\t\t\t\t\t\t\t<div class=\"entry-media \">\r\n\t\t\t\t\t\t\t\t<div class=\"entry-thumb\">\r\n\t\t\t\t\t\t\t\t\t<img decoding=\"async\" src=\"https:\/\/sriconsulting.ch\/wp-content\/uploads\/2023\/07\/Corso_management_di_organizzazioni_sportive_2024_v2_compresso.03.pdf-940-x-788-px-1-900x600.png\" alt=\"Managementkurs f\u00fcr Sportorganisationen: Anmeldung f\u00fcr 2024 ge\u00f6ffnet!\"\/>\r\n\t\t\t\t\t\t\t\t\t\r\n\t\t\t\t\t\t\t\t<\/div>\r\n\t\t\t\t\t\t\t\t<div class=\"dfd-blog-heading-wrap\"><h3 class=\"dfd-blog-title \" style=\"\"><a href=\"https:\/\/sriconsulting.ch\/de\/corso-di-management-di-organizzazioni-sportive-iscrizioni-aperte-per-il-2023\/\" title=\"Managementkurs f\u00fcr Sportorganisationen: Anmeldung f\u00fcr 2024 ge\u00f6ffnet!\">Managementkurs f\u00fcr Sportorganisationen: Anmeldung f\u00fcr 2024 ge\u00f6ffnet!<\/a><\/h3><\/div>\t\t\t\t\t\t\t<\/div>\r\n\t\t\t\t\t\t\t\t\t\t\t\t\t\t\t<div class=\"dfd-read-share clearfix\">\r\n\t\t\t\t\t\t\t\t\t\t\t\t\t\t\t\t\t\t\t<div class=\"read-more-wrap\">\r\n\t\t\t\t\t\t\t\t\t\t\t<a href=\"https:\/\/sriconsulting.ch\/de\/corso-di-management-di-organizzazioni-sportive-iscrizioni-aperte-per-il-2023\/\" class=\"more-button simple\" title=\"\" data-lang=\"en\">LEGGI<\/a>\r\n\t\t\t\t\t\t\t\t\t\t<\/div>\r\n\t\t\t\t\t\t\t\t\t\t\t\t\t\t\t\t\t\t\t\t\t\t\t\t\t\t<\/div>\r\n\t\t\t\t\t\t\t\t\t\t\t\t\t\t\t\t\t\t<\/div>\r\n\t\t\t\t<\/div>\r\n\t\t\t\t\t\t\t\t<div class=\"post-30664 post type-post status-publish format-gallery has-post-thumbnail hentry category-unkategorisiert post_format-post-format-gallery text-left\" >\r\n\t\t\t\t\t<div class=\"cover\">\r\n\t\t\t\t\t\t\t\t\t\t\t\t\t<div class=\"entry-media \">\r\n\t\t\t\t\t\t\t\t<div class=\"entry-thumb\">\r\n\t\t\t\t\t\t\t\t\t<img decoding=\"async\" src=\"https:\/\/sriconsulting.ch\/wp-content\/uploads\/2023\/07\/CPN-foto-900x600.jpg\" alt=\"SRI und ihr Engagement f\u00fcr das Krisenschutznetzwerk: Neue Website heute online\"\/>\r\n\t\t\t\t\t\t\t\t\t\r\n\t\t\t\t\t\t\t\t<\/div>\r\n\t\t\t\t\t\t\t\t<div class=\"dfd-blog-heading-wrap\"><h3 class=\"dfd-blog-title \" style=\"\"><a href=\"https:\/\/sriconsulting.ch\/de\/sri-e-limpegno-nel-crisis-protection-network-da-oggi-online-il-nuovo-sito\/\" title=\"SRI und ihr Engagement f\u00fcr das Krisenschutznetzwerk: Neue Website heute online\">SRI und ihr Engagement f\u00fcr das Krisenschutznetzwerk: Neue Website heute online<\/a><\/h3><\/div>\t\t\t\t\t\t\t<\/div>\r\n\t\t\t\t\t\t\t\t\t\t\t\t\t\t\t<div class=\"dfd-read-share clearfix\">\r\n\t\t\t\t\t\t\t\t\t\t\t\t\t\t\t\t\t\t\t<div class=\"read-more-wrap\">\r\n\t\t\t\t\t\t\t\t\t\t\t<a href=\"https:\/\/sriconsulting.ch\/de\/sri-e-limpegno-nel-crisis-protection-network-da-oggi-online-il-nuovo-sito\/\" class=\"more-button simple\" title=\"\" data-lang=\"en\">LEGGI<\/a>\r\n\t\t\t\t\t\t\t\t\t\t<\/div>\r\n\t\t\t\t\t\t\t\t\t\t\t\t\t\t\t\t\t\t\t\t\t\t\t\t\t\t<\/div>\r\n\t\t\t\t\t\t\t\t\t\t\t\t\t\t\t\t\t\t<\/div>\r\n\t\t\t\t<\/div>\r\n\t\t\t\t\t\t\t\t<div class=\"post-30666 post type-post status-publish format-gallery has-post-thumbnail hentry category-unkategorisiert post_format-post-format-gallery text-left\" >\r\n\t\t\t\t\t<div class=\"cover\">\r\n\t\t\t\t\t\t\t\t\t\t\t\t\t<div class=\"entry-media \">\r\n\t\t\t\t\t\t\t\t<div class=\"entry-thumb\">\r\n\t\t\t\t\t\t\t\t\t<img decoding=\"async\" src=\"https:\/\/sriconsulting.ch\/wp-content\/uploads\/2023\/07\/Foto-Geiser-Corti-Grunder-900x600.jpg\" alt=\"Farner goes Europe\"\/>\r\n\t\t\t\t\t\t\t\t\t\r\n\t\t\t\t\t\t\t\t<\/div>\r\n\t\t\t\t\t\t\t\t<div class=\"dfd-blog-heading-wrap\"><h3 class=\"dfd-blog-title \" style=\"\"><a href=\"https:\/\/sriconsulting.ch\/de\/farner-goes-europe\/\" title=\"Farner goes Europe\">Farner goes Europe<\/a><\/h3><\/div>\t\t\t\t\t\t\t<\/div>\r\n\t\t\t\t\t\t\t\t\t\t\t\t\t\t\t<div class=\"dfd-read-share clearfix\">\r\n\t\t\t\t\t\t\t\t\t\t\t\t\t\t\t\t\t\t\t<div class=\"read-more-wrap\">\r\n\t\t\t\t\t\t\t\t\t\t\t<a href=\"https:\/\/sriconsulting.ch\/de\/farner-goes-europe\/\" class=\"more-button simple\" title=\"\" data-lang=\"en\">LEGGI<\/a>\r\n\t\t\t\t\t\t\t\t\t\t<\/div>\r\n\t\t\t\t\t\t\t\t\t\t\t\t\t\t\t\t\t\t\t\t\t\t\t\t\t\t<\/div>\r\n\t\t\t\t\t\t\t\t\t\t\t\t\t\t\t\t\t\t<\/div>\r\n\t\t\t\t<\/div>\r\n\t\t\t\t\t\t<\/div>\r\n\t<\/div>\r\n<\/div><script type=\"text\/javascript\">\r\n\t\t\t\t\t\t\t\t(function($) {$(\"head\").append(\"<style>#dfd-blog-module-69e29a34d27fd .dfd-read-share {margin-top: 40px;}#dfd-blog-module-69e29a34d27fd .dfd-read-share {border-top-style: dotted; border-bottom-style: dotted;}#dfd-blog-module-69e29a34d27fd.dfd-blog-loop.simple .post .cover {border-bottom-style: dotted;}#dfd-blog-module-69e29a34d27fd .dfd-read-share .read-more-wrap a:not(.slide-up) {color: #d10019;}#dfd-blog-module-69e29a34d27fd .dfd-read-share .read-more-wrap a:not(.slide-up):hover {color: #d10019;}#dfd-blog-module-69e29a34d27fd.dfd-blog-loop.with-number-decor .dfd-number-decor {style=&quot;&quot;}#dfd-blog-module-69e29a34d27fd .dfd-blog {margin: -10px;}#dfd-blog-module-69e29a34d27fd .dfd-blog .cover {padding: 10px;}<\/style>\");if(typeof jQuery.fn.initTaxonomyIsotope !== \"undefined\") {\r\n\t\t\t\t\t\tjQuery(\"#dfd-blog-module-69e29a34d27fd .dfd-new-isotope\").initTaxonomyIsotope();\r\n\t\t\t\t\t}})(jQuery);\r\n\t\t\t\t\t\t\t<\/script><\/div>[\/vc_column][\/vc_row][vc_row][vc_column]<div class=\"dfd-spacer-module\"  data-units=\"px\" data-wide_resolution=\"1280\" data-wide_size=\"160\" data-normal_resolution=\"1024\" data-normal_size=\"140\" data-tablet_resolution=\"800\" data-tablet_size=\"120\" data-mobile_resolution=\"480\" data-mobile_size=\"100\" style=\"height: 160px;\"><\/div>[\/vc_column][\/vc_row]<\/p>\n<\/div>","protected":false},"excerpt":{"rendered":"<p>[vc_row][vc_column][\/vc_column][\/vc_row][vc_row][vc_column][\/vc_column][\/vc_row][vc_row css=&#8220;.vc_custom_1689940555476{padding-right: 20px !important;padding-left: 20px !important;}&#8220;][vc_column][\/vc_column][\/vc_row][vc_row][vc_column][\/vc_column][\/vc_row]<\/p>\n","protected":false},"author":1,"featured_media":0,"parent":0,"menu_order":0,"comment_status":"closed","ping_status":"closed","template":"page-custom.php","meta":{"inline_featured_image":false,"_monsterinsights_skip_tracking":false,"_monsterinsights_sitenote_active":false,"_monsterinsights_sitenote_note":"","_monsterinsights_sitenote_category":0,"footnotes":""},"class_list":["post-30474","page","type-page","status-publish","hentry"],"yoast_head":"<!-- This site is optimized with the Yoast SEO plugin v25.1 - https:\/\/yoast.com\/wordpress\/plugins\/seo\/ -->\n<title>News - SRI<\/title>\n<meta name=\"description\" content=\"Entdecken Sie aktuelle Neuigkeiten, Schulungen, unternehmerisches Engagement und vieles mehr \u00fcber die T\u00e4tigkeit von SRI Consulting.\" \/>\n<meta name=\"robots\" content=\"index, follow, max-snippet:-1, max-image-preview:large, max-video-preview:-1\" \/>\n<link rel=\"canonical\" href=\"https:\/\/sriconsulting.ch\/de\/news\/\" \/>\n<meta property=\"og:locale\" content=\"de_DE\" \/>\n<meta property=\"og:type\" content=\"article\" \/>\n<meta property=\"og:title\" content=\"News - SRI\" \/>\n<meta property=\"og:description\" content=\"Entdecken Sie aktuelle Neuigkeiten, Schulungen, unternehmerisches Engagement und vieles mehr \u00fcber die T\u00e4tigkeit von SRI Consulting.\" \/>\n<meta property=\"og:url\" content=\"https:\/\/sriconsulting.ch\/de\/news\/\" \/>\n<meta property=\"og:site_name\" content=\"SRI\" \/>\n<meta property=\"article:modified_time\" content=\"2023-12-07T09:13:55+00:00\" \/>\n<meta name=\"twitter:card\" content=\"summary_large_image\" \/>\n<meta name=\"twitter:label1\" content=\"Gesch\u00e4tzte Lesezeit\" \/>\n\t<meta name=\"twitter:data1\" content=\"1\u00a0Minute\" \/>\n<script type=\"application\/ld+json\" class=\"yoast-schema-graph\">{\"@context\":\"https:\/\/schema.org\",\"@graph\":[{\"@type\":\"WebPage\",\"@id\":\"https:\/\/sriconsulting.ch\/de\/news\/\",\"url\":\"https:\/\/sriconsulting.ch\/de\/news\/\",\"name\":\"News - SRI\",\"isPartOf\":{\"@id\":\"http:\/\/sriconsulting.ch\/de\/#website\"},\"datePublished\":\"2023-07-21T11:52:31+00:00\",\"dateModified\":\"2023-12-07T09:13:55+00:00\",\"description\":\"Entdecken Sie aktuelle Neuigkeiten, Schulungen, unternehmerisches Engagement und vieles mehr \u00fcber die T\u00e4tigkeit von SRI Consulting.\",\"breadcrumb\":{\"@id\":\"https:\/\/sriconsulting.ch\/de\/news\/#breadcrumb\"},\"inLanguage\":\"de\",\"potentialAction\":[{\"@type\":\"ReadAction\",\"target\":[\"https:\/\/sriconsulting.ch\/de\/news\/\"]}]},{\"@type\":\"BreadcrumbList\",\"@id\":\"https:\/\/sriconsulting.ch\/de\/news\/#breadcrumb\",\"itemListElement\":[{\"@type\":\"ListItem\",\"position\":1,\"name\":\"Home\",\"item\":\"https:\/\/sriconsulting.ch\/de\/\"},{\"@type\":\"ListItem\",\"position\":2,\"name\":\"News\"}]},{\"@type\":\"WebSite\",\"@id\":\"http:\/\/sriconsulting.ch\/de\/#website\",\"url\":\"http:\/\/sriconsulting.ch\/de\/\",\"name\":\"SRI Management Consulting\",\"description\":\"MANAGEMENT CONSULTING\",\"publisher\":{\"@id\":\"http:\/\/sriconsulting.ch\/de\/#organization\"},\"potentialAction\":[{\"@type\":\"SearchAction\",\"target\":{\"@type\":\"EntryPoint\",\"urlTemplate\":\"http:\/\/sriconsulting.ch\/de\/?s={search_term_string}\"},\"query-input\":{\"@type\":\"PropertyValueSpecification\",\"valueRequired\":true,\"valueName\":\"search_term_string\"}}],\"inLanguage\":\"de\"},{\"@type\":\"Organization\",\"@id\":\"http:\/\/sriconsulting.ch\/de\/#organization\",\"name\":\"SRI Management Consulting\",\"url\":\"http:\/\/sriconsulting.ch\/de\/\",\"logo\":{\"@type\":\"ImageObject\",\"inLanguage\":\"de\",\"@id\":\"http:\/\/sriconsulting.ch\/de\/#\/schema\/logo\/image\/\",\"url\":\"http:\/\/sriconsulting.ch\/wp-content\/uploads\/2023\/06\/SRI_logo_positivo.svg\",\"contentUrl\":\"http:\/\/sriconsulting.ch\/wp-content\/uploads\/2023\/06\/SRI_logo_positivo.svg\",\"width\":\"1024\",\"height\":\"1024\",\"caption\":\"SRI Management Consulting\"},\"image\":{\"@id\":\"http:\/\/sriconsulting.ch\/de\/#\/schema\/logo\/image\/\"},\"sameAs\":[\"https:\/\/www.linkedin.com\/company\/sri-management-consulting\/?original_referer=httpssriconsulting.ch\"]}]}<\/script>\n<!-- \/ Yoast SEO plugin. -->","yoast_head_json":{"title":"News - SRI","description":"Entdecken Sie aktuelle Neuigkeiten, Schulungen, unternehmerisches Engagement und vieles mehr \u00fcber die T\u00e4tigkeit von SRI Consulting.","robots":{"index":"index","follow":"follow","max-snippet":"max-snippet:-1","max-image-preview":"max-image-preview:large","max-video-preview":"max-video-preview:-1"},"canonical":"https:\/\/sriconsulting.ch\/de\/news\/","og_locale":"de_DE","og_type":"article","og_title":"News - SRI","og_description":"Entdecken Sie aktuelle Neuigkeiten, Schulungen, unternehmerisches Engagement und vieles mehr \u00fcber die T\u00e4tigkeit von SRI Consulting.","og_url":"https:\/\/sriconsulting.ch\/de\/news\/","og_site_name":"SRI","article_modified_time":"2023-12-07T09:13:55+00:00","twitter_card":"summary_large_image","twitter_misc":{"Gesch\u00e4tzte Lesezeit":"1\u00a0Minute"},"schema":{"@context":"https:\/\/schema.org","@graph":[{"@type":"WebPage","@id":"https:\/\/sriconsulting.ch\/de\/news\/","url":"https:\/\/sriconsulting.ch\/de\/news\/","name":"News - SRI","isPartOf":{"@id":"http:\/\/sriconsulting.ch\/de\/#website"},"datePublished":"2023-07-21T11:52:31+00:00","dateModified":"2023-12-07T09:13:55+00:00","description":"Entdecken Sie aktuelle Neuigkeiten, Schulungen, unternehmerisches Engagement und vieles mehr \u00fcber die T\u00e4tigkeit von SRI Consulting.","breadcrumb":{"@id":"https:\/\/sriconsulting.ch\/de\/news\/#breadcrumb"},"inLanguage":"de","potentialAction":[{"@type":"ReadAction","target":["https:\/\/sriconsulting.ch\/de\/news\/"]}]},{"@type":"BreadcrumbList","@id":"https:\/\/sriconsulting.ch\/de\/news\/#breadcrumb","itemListElement":[{"@type":"ListItem","position":1,"name":"Home","item":"https:\/\/sriconsulting.ch\/de\/"},{"@type":"ListItem","position":2,"name":"News"}]},{"@type":"WebSite","@id":"http:\/\/sriconsulting.ch\/de\/#website","url":"http:\/\/sriconsulting.ch\/de\/","name":"SRI Management Consulting","description":"MANAGEMENT CONSULTING","publisher":{"@id":"http:\/\/sriconsulting.ch\/de\/#organization"},"potentialAction":[{"@type":"SearchAction","target":{"@type":"EntryPoint","urlTemplate":"http:\/\/sriconsulting.ch\/de\/?s={search_term_string}"},"query-input":{"@type":"PropertyValueSpecification","valueRequired":true,"valueName":"search_term_string"}}],"inLanguage":"de"},{"@type":"Organization","@id":"http:\/\/sriconsulting.ch\/de\/#organization","name":"SRI Management Consulting","url":"http:\/\/sriconsulting.ch\/de\/","logo":{"@type":"ImageObject","inLanguage":"de","@id":"http:\/\/sriconsulting.ch\/de\/#\/schema\/logo\/image\/","url":"http:\/\/sriconsulting.ch\/wp-content\/uploads\/2023\/06\/SRI_logo_positivo.svg","contentUrl":"http:\/\/sriconsulting.ch\/wp-content\/uploads\/2023\/06\/SRI_logo_positivo.svg","width":"1024","height":"1024","caption":"SRI Management Consulting"},"image":{"@id":"http:\/\/sriconsulting.ch\/de\/#\/schema\/logo\/image\/"},"sameAs":["https:\/\/www.linkedin.com\/company\/sri-management-consulting\/?original_referer=httpssriconsulting.ch"]}]}},"_links":{"self":[{"href":"https:\/\/sriconsulting.ch\/de\/wp-json\/wp\/v2\/pages\/30474","targetHints":{"allow":["GET"]}}],"collection":[{"href":"https:\/\/sriconsulting.ch\/de\/wp-json\/wp\/v2\/pages"}],"about":[{"href":"https:\/\/sriconsulting.ch\/de\/wp-json\/wp\/v2\/types\/page"}],"author":[{"embeddable":true,"href":"https:\/\/sriconsulting.ch\/de\/wp-json\/wp\/v2\/users\/1"}],"replies":[{"embeddable":true,"href":"https:\/\/sriconsulting.ch\/de\/wp-json\/wp\/v2\/comments?post=30474"}],"version-history":[{"count":6,"href":"https:\/\/sriconsulting.ch\/de\/wp-json\/wp\/v2\/pages\/30474\/revisions"}],"predecessor-version":[{"id":31301,"href":"https:\/\/sriconsulting.ch\/de\/wp-json\/wp\/v2\/pages\/30474\/revisions\/31301"}],"wp:attachment":[{"href":"https:\/\/sriconsulting.ch\/de\/wp-json\/wp\/v2\/media?parent=30474"}],"curies":[{"name":"wp","href":"https:\/\/api.w.org\/{rel}","templated":true}]}}