{"id":30465,"date":"2023-05-10T13:45:47","date_gmt":"2023-05-10T11:45:47","guid":{"rendered":"https:\/\/sriconsulting.ch\/arbeite-mit-uns\/"},"modified":"2024-05-08T09:22:11","modified_gmt":"2024-05-08T07:22:11","slug":"arbeite-mit-uns","status":"publish","type":"page","link":"https:\/\/sriconsulting.ch\/de\/arbeite-mit-uns\/","title":{"rendered":"Arbeite mit uns"},"content":{"rendered":"<div class=\"wpb-content-wrapper\"><p>[vc_row][vc_column]\n\t\t\t<!-- START Lavora con noi REVOLUTION SLIDER 6.7.28 --><p class=\"rs-p-wp-fix\"><\/p>\n\t\t\t<rs-module-wrap id=\"rev_slider_9_1_wrapper\" data-source=\"gallery\" style=\"visibility:hidden;background:transparent;padding:0;margin:0px auto;margin-top:0;margin-bottom:0;\">\n\t\t\t\t<rs-module id=\"rev_slider_9_1\" style=\"\" data-version=\"6.7.28\">\n\t\t\t\t\t<rs-slides style=\"overflow: hidden; position: absolute;\">\n\t\t\t\t\t\t<rs-slide style=\"position: absolute;\" data-key=\"rs-114\" data-title=\"Slide\" data-in=\"o:0;\" data-out=\"a:false;\">\n\t\t\t\t\t\t\t<img decoding=\"async\" src=\"\/\/sriconsulting.ch\/wp-content\/plugins\/revslider\/sr6\/assets\/assets\/dummy.png\" alt=\"Slide\" title=\"Arbeite mit uns\" class=\"rev-slidebg tp-rs-img rs-lazyload\" data-lazyload=\"\/\/sriconsulting.ch\/wp-content\/plugins\/revslider\/sr6\/assets\/assets\/transparent.png\" data-no-retina>\n<!--\t\t\t\t\t\t--><rs-zone id=\"rrzb_114\" class=\"rev_row_zone_bottom\" style=\"z-index: 5;\"><!--\n\n\t\t\t\t\t\t\t\t--><rs-row\n\t\t\t\t\t\t\t\t\tid=\"slider-9-slide-114-layer-0\" \n\t\t\t\t\t\t\t\t\tdata-type=\"row\"\n\t\t\t\t\t\t\t\t\tdata-xy=\"xo:50px;yo:50px;\"\n\t\t\t\t\t\t\t\t\tdata-cbreak=\"nobreak\"\n\t\t\t\t\t\t\t\t\tdata-rsp_o=\"off\"\n\t\t\t\t\t\t\t\t\tdata-rsp_bd=\"off\"\n\t\t\t\t\t\t\t\t\tdata-padding=\"r:100,40,20,20;b:60,60,60,40;l:100,40,20,20;\"\n\t\t\t\t\t\t\t\t\tdata-frame_0=\"o:1;\"\n\t\t\t\t\t\t\t\t\tdata-frame_1=\"st:500;\"\n\t\t\t\t\t\t\t\t\tdata-frame_999=\"o:0;st:w;sA:9000;\"\n\t\t\t\t\t\t\t\t\tstyle=\"z-index:6;\"\n\t\t\t\t\t\t\t\t><!--\n\t\t\t\t\t\t\t\t\t--><rs-column\n\t\t\t\t\t\t\t\t\t\tid=\"slider-9-slide-114-layer-1\" \n\t\t\t\t\t\t\t\t\t\tdata-type=\"column\"\n\t\t\t\t\t\t\t\t\t\tdata-xy=\"xo:50px;yo:50px;\"\n\t\t\t\t\t\t\t\t\t\tdata-rsp_o=\"off\"\n\t\t\t\t\t\t\t\t\t\tdata-rsp_bd=\"off\"\n\t\t\t\t\t\t\t\t\t\tdata-column=\"w:100%;a:bottom;\"\n\t\t\t\t\t\t\t\t\t\tdata-frame_0=\"o:1;\"\n\t\t\t\t\t\t\t\t\t\tdata-frame_999=\"o:0;st:w;sA:9000;\"\n\t\t\t\t\t\t\t\t\t\tstyle=\"z-index:6;width:100%;\"\n\t\t\t\t\t\t\t\t\t><!--\n\t\t\t\t\t\t\t\t\t\t--><rs-layer\n\t\t\t\t\t\t\t\t\t\t\tid=\"slider-9-slide-114-layer-5\" \n\t\t\t\t\t\t\t\t\t\t\tclass=\"montreal\"\n\t\t\t\t\t\t\t\t\t\t\tdata-type=\"text\"\n\t\t\t\t\t\t\t\t\t\t\tdata-xy=\"\"\n\t\t\t\t\t\t\t\t\t\t\tdata-pos=\"r\"\n\t\t\t\t\t\t\t\t\t\t\tdata-text=\"w:normal;s:45,45,40,38;l:55,55,48,45;\"\n\t\t\t\t\t\t\t\t\t\t\tdata-rsp_o=\"off\"\n\t\t\t\t\t\t\t\t\t\t\tdata-rsp_bd=\"off\"\n\t\t\t\t\t\t\t\t\t\t\tdata-margin=\"t:0,0,-38,-80;\"\n\t\t\t\t\t\t\t\t\t\t\tdata-padding=\"b:30,30,30,15;\"\n\t\t\t\t\t\t\t\t\t\t\tdata-frame_0=\"x:-50;\"\n\t\t\t\t\t\t\t\t\t\t\tdata-frame_1=\"st:500;sp:2000;\"\n\t\t\t\t\t\t\t\t\t\t\tdata-frame_999=\"o:0;st:w;\"\n\t\t\t\t\t\t\t\t\t\t\tstyle=\"z-index:8;font-family:'Roboto';\"\n\t\t\t\t\t\t\t\t\t\t>Arbeite mit uns \n\t\t\t\t\t\t\t\t\t\t<\/rs-layer><!--\n\n\t\t\t\t\t\t\t\t\t\t--><rs-layer\n\t\t\t\t\t\t\t\t\t\t\tid=\"slider-9-slide-114-layer-2\" \n\t\t\t\t\t\t\t\t\t\t\tdata-type=\"image\"\n\t\t\t\t\t\t\t\t\t\t\tdata-xy=\"xo:300px,300px,270px,260px;yo:-39px,-39px,-44px,-47px;\"\n\t\t\t\t\t\t\t\t\t\t\tdata-pos=\"a\"\n\t\t\t\t\t\t\t\t\t\t\tdata-text=\"w:normal;f:left,none,none,right;c:left,none,none,none;\"\n\t\t\t\t\t\t\t\t\t\t\tdata-flcr=\"f:left,none,none,right;c:left,none,none,none;\"\n\t\t\t\t\t\t\t\t\t\t\tdata-dim=\"w:[&#039;50px&#039;,&#039;50px&#039;,&#039;50px&#039;,&#039;50px&#039;];h:[&#039;83px&#039;,&#039;83px&#039;,&#039;83px&#039;,&#039;83px&#039;];\"\n\t\t\t\t\t\t\t\t\t\t\tdata-rsp_o=\"off\"\n\t\t\t\t\t\t\t\t\t\t\tdata-rsp_bd=\"off\"\n\t\t\t\t\t\t\t\t\t\t\tdata-frame_0=\"x:120px,120px,100px,100px;y:-360px,-280px,-300px,-250px;\"\n\t\t\t\t\t\t\t\t\t\t\tdata-frame_1=\"st:500;sp:2000;\"\n\t\t\t\t\t\t\t\t\t\t\tdata-frame_999=\"o:0;st:w;\"\n\t\t\t\t\t\t\t\t\t\t\tstyle=\"z-index:7;\"\n\t\t\t\t\t\t\t\t\t\t><img decoding=\"async\" src=\"\/\/sriconsulting.ch\/wp-content\/plugins\/revslider\/sr6\/assets\/assets\/dummy.png\" alt=\"\" class=\"tp-rs-img rs-lazyload\" width=\"0\" height=\"0\" data-lazyload=\"\/\/www2.sriconsulting.ch\/wp-content\/uploads\/2023\/05\/SRI_I_bianco.svg\" data-no-retina> \n\t\t\t\t\t\t\t\t\t\t<\/rs-layer><!--\n\n\t\t\t\t\t\t\t\t\t\t--><rs-layer\n\t\t\t\t\t\t\t\t\t\t\tid=\"slider-9-slide-114-layer-4\" \n\t\t\t\t\t\t\t\t\t\t\tclass=\"charter\"\n\t\t\t\t\t\t\t\t\t\t\tdata-type=\"text\"\n\t\t\t\t\t\t\t\t\t\t\tdata-xy=\"\"\n\t\t\t\t\t\t\t\t\t\t\tdata-pos=\"r\"\n\t\t\t\t\t\t\t\t\t\t\tdata-text=\"w:normal;s:26,26,24,19;l:32,32,30,24;\"\n\t\t\t\t\t\t\t\t\t\t\tdata-rsp_o=\"off\"\n\t\t\t\t\t\t\t\t\t\t\tdata-rsp_bd=\"off\"\n\t\t\t\t\t\t\t\t\t\t\tdata-frame_0=\"x:-50;\"\n\t\t\t\t\t\t\t\t\t\t\tdata-frame_1=\"st:500;sp:2000;\"\n\t\t\t\t\t\t\t\t\t\t\tdata-frame_999=\"o:0;st:w;\"\n\t\t\t\t\t\t\t\t\t\t\tstyle=\"z-index:6;font-family:'Roboto';\"\n\t\t\t\t\t\t\t\t\t\t>M\u00f6chten Sie Teil des SRI Teams werden? Wir suchen dynamische, l\u00f6sungsorientierte Personen mit Eigeninitiative. Dazu kommen eine solide Universit\u00e4tsausbildung, wirtschaftliche F\u00e4higkeiten, Sprachkenntnisse und die Bereitschaft zur Teamarbeit. \n\t\t\t\t\t\t\t\t\t\t<\/rs-layer><!--\n\t\t\t\t\t\t\t\t\t--><\/rs-column><!--\n\t\t\t\t\t\t\t\t--><\/rs-row><!--\n\t\t\t\t\t\t\t--><\/rs-zone><!--\n\n\t\t\t\t\t\t\t--><rs-layer\n\t\t\t\t\t\t\t\tid=\"slider-9-slide-114-layer-3\" \n\t\t\t\t\t\t\t\tclass=\"rs-nolc rs-layer-video intrinsic-ignore\"\n\t\t\t\t\t\t\t\tdata-type=\"video\"\n\t\t\t\t\t\t\t\tdata-xy=\"x:c;y:b;\"\n\t\t\t\t\t\t\t\tdata-text=\"w:normal;\"\n\t\t\t\t\t\t\t\tdata-dim=\"w:100%;h:1080px;\"\n\t\t\t\t\t\t\t\tdata-basealign=\"slide\"\n\t\t\t\t\t\t\t\tdata-rsp_o=\"off\"\n\t\t\t\t\t\t\t\tdata-rsp_bd=\"off\"\n\t\t\t\t\t\t\t\tdata-video=\"vfc:true;twa:false;vd:100;rwd:f;l:true;ptimer:false;nse:f;sav:f;afs:f;inl:f;\"\n\t\t\t\t\t\t\t\tdata-poster=\"\/\/www2.sriconsulting.ch\/wp-content\/uploads\/revslider\/video-media\/Sfumatura_Test2_1_15_layer.jpeg\"\n\t\t\t\t\t\t\t\tdata-mp4=\"\/\/www2.sriconsulting.ch\/wp-content\/uploads\/2023\/06\/Sfumatura_Test2_1.mp4\"\n\t\t\t\t\t\t\t\tdata-frame_999=\"o:0;st:w;\"\n\t\t\t\t\t\t\t\tstyle=\"z-index:4;\"\n\t\t\t\t\t\t\t>\n\t\t\t\t\t\t\t<\/rs-layer><!--\n-->\t\t\t\t\t<\/rs-slide>\n\t\t\t\t\t<\/rs-slides>\n\t\t\t\t<\/rs-module>\n\t\t\t\t<script>\n\t\t\t\t\tsetREVStartSize({c: 'rev_slider_9_1',rl:[1240,1024,778,480],el:[550,650,650,650],gw:[1240,1024,778,480],gh:[550,650,650,650],type:'hero',justify:'',layout:'fullwidth',mh:\"0\"});if (window.RS_MODULES!==undefined && window.RS_MODULES.modules!==undefined && window.RS_MODULES.modules[\"revslider91\"]!==undefined) {window.RS_MODULES.modules[\"revslider91\"].once = false;window.revapi9 = undefined;if (window.RS_MODULES.checkMinimal!==undefined) window.RS_MODULES.checkMinimal()}\n\t\t\t\t<\/script>\n\t\t\t<\/rs-module-wrap>\n\t\t\t<!-- END REVOLUTION SLIDER -->\n[\/vc_column][\/vc_row][vc_row][vc_column]<div class=\"dfd-spacer-module\"  data-units=\"px\" data-wide_resolution=\"1280\" data-wide_size=\"160\" data-normal_resolution=\"1024\" data-normal_size=\"140\" data-tablet_resolution=\"800\" data-tablet_size=\"120\" data-mobile_resolution=\"480\" data-mobile_size=\"100\" style=\"height: 160px;\"><\/div>[\/vc_column][\/vc_row][vc_row force_equal_height_columns=&#8220;main_row&#8220; align_content_vertically=&#8220;&#8220; mobile_destroy_equal_heights_resolution=&#8220;799&#8243; css=&#8220;.vc_custom_1683721338207{padding-right: 60px !important;padding-left: 20px !important;}&#8220; mobile_destroy_equal_heights=&#8220;yes&#8220;][vc_column width=&#8220;2\/3&#8243; dfd_column_responsive_enable=&#8220;dfd-column-responsive-enable&#8220; css=&#8220;.vc_custom_1683721319126{border-right-width: 1px !important;padding-right: 40px !important;border-right-color: #000000 !important;border-right-style: solid !important;}&#8220; col_shadow=&#8220;box_shadow_enable:disable|shadow_horizontal:0|shadow_vertical:15|shadow_blur:50|shadow_spread:0|box_shadow_color:rgba(0%2C0%2C0%2C.35)&#8220; col_shadow_hover=&#8220;box_shadow_enable:disable|shadow_horizontal:0|shadow_vertical:15|shadow_blur:50|shadow_spread:0|box_shadow_color:rgba(0%2C0%2C0%2C.35)&#8220; responsive_styles=&#8220;border_right_mobile:0|padding_bottom_mobile:60|padding_right_mobile:0&#8243;]<div class=\"dfd-heading-shortcode\"><div class=\"dfd-heading-module-wrap sottolineato text-left style_01 cr-animate-gen dfd-heading-69da4648d9f19 dfd-disable-resposive-headings\" id=\"dfd-heading-69da4648d9f19\" data-animate-type = \"transition.slideLeftIn\" ><div class=\"inline-block\"><div class=\"dfd-heading-module\"><h1 class=\"widget-title dfd-title \" style=\"\">Offene Stellen<\/h1><\/div><\/div><\/div><script type=\"text\/javascript\">\r\n\t\t\t\t\t\t\t\t\t(function($) {\r\n\t\t\t\t\t\t\t\t\t\t$(\"head\").append(\"<style>.dfd-heading-69da4648d9f19 .dfd-heading-module .widget-title {margin-bottom:30px;}.dfd-heading-69da4648d9f19.dfd-heading-module-wrap .dfd-heading-module .dfd-heading-delimiter {margin-top:10px;margin-bottom:10px;}@media (max-width: 1023px) and (min-width: 800px){.dfd-heading-69da4648d9f19 .dfd-title{font-size: 40px !important;letter-spacing: 0px !important;line-height: 55px !important;}}@media (max-width: 799px){.dfd-heading-69da4648d9f19 .dfd-title{font-size: 38px !important;letter-spacing: 0px !important;line-height: 52px !important;}}<\/style>\");\r\n\t\t\t\t\t\t\t\t\t})(jQuery);\r\n\t\t\t\t\t\t\t\t<\/script><\/div>[vc_row_inner][vc_column_inner]<div id=\"idinfobox69da4648da0a1\" class=\"dfd-info-box clearfix style-01 layout-04  idinfobox69da4648da0a1 hover-up-box\" ><div class=\"dfd-animate-container\"><div class=\"icon-wrapper\"><div class=\"module-icon\" style=\"border-radius:0px;font-size:30px;\"><div class=\"hover-layer\" ><\/div><i class=\"featured-icon dfd-icon-right_1 dfd_icon_set-icon-right_1\" style=\"font-size:30px; color:#d10019; opacity:1;\" data-hover=\"#d10019\"><\/i><\/div><\/div><div class=\"content-wrap ovh\"><h3 class=\"info-box-title \" style=\"\">Praktikumsangebot<\/h3><div class=\"wrap-delimiter\"><div class=\"delimiter\" style=\"width:1200px;border-width:1px;border-color:#000000;border-bottom-style:solid\"><\/div><\/div><div class=\"description\" style=\"\"><\/div><\/div><a href=\"https:\/\/sriconsulting.ch\/de\/arbeite-mit-uns\/praktikumsangebot\/\"  target=\"_blank\" class=\"full-box-link\"><\/a>\t\t\t\t\t<script>\r\n\t\t\t\t\t\t(function($){\r\n\t\t\t\t\t\t\t$('head').append('<style type=\"text\/css\"> .idinfobox69da4648da0a1:hover .module-icon i {color: #d10019 !important;}.idinfobox69da4648da0a1 .description, #idinfobox69da4648da0a1 .description {padding-top: 25px;}@media (max-width: 1023px) and (min-width: 800px){#idinfobox69da4648da0a1 .info-box-title {font-size: 24px !important;letter-spacing: 0px !important;line-height: 32px !important;}}@media (max-width: 799px){#idinfobox69da4648da0a1 .info-box-title {font-size: 24px !important;letter-spacing: 0px !important;line-height: 32px !important;}}<\/style>');\r\n\t\t\t\t\t\t})(jQuery)\r\n\t\t\t\t\t<\/script>\r\n\r\n\t\t\t\t<\/div><\/div>[\/vc_column_inner][\/vc_row_inner][\/vc_column][vc_column width=&#8220;1\/3&#8243; dfd_column_responsive_enable=&#8220;dfd-column-responsive-enable&#8220; css=&#8220;.vc_custom_1683721355350{padding-left: 40px !important;}&#8220; col_shadow=&#8220;box_shadow_enable:disable|shadow_horizontal:0|shadow_vertical:15|shadow_blur:50|shadow_spread:0|box_shadow_color:rgba(0%2C0%2C0%2C.35)&#8220; col_shadow_hover=&#8220;box_shadow_enable:disable|shadow_horizontal:0|shadow_vertical:15|shadow_blur:50|shadow_spread:0|box_shadow_color:rgba(0%2C0%2C0%2C.35)&#8220; responsive_styles=&#8220;padding_left_mobile:0&#8243;]<div class=\"dfd-heading-shortcode\"><div class=\"dfd-heading-module-wrap sottolineato2 text-left style_01 cr-animate-gen dfd-heading-69da4648da26a dfd-disable-resposive-headings\" id=\"dfd-heading-69da4648da26a\" data-animate-type = \"transition.slideRightIn\" ><div class=\"inline-block\"><div class=\"dfd-heading-module\"><h3 class=\"widget-title dfd-title \" style=\"\"><em>Wir suchen <\/em> regelm\u00e4\u00dfig junge und motivierte Menschen f\u00fcr Praktika, im Rahmen ihres Studiums oder junge Akademiker.<\/h3><\/div><\/div><\/div><script type=\"text\/javascript\">\r\n\t\t\t\t\t\t\t\t\t(function($) {\r\n\t\t\t\t\t\t\t\t\t\t$(\"head\").append(\"<style>.dfd-heading-69da4648da26a.dfd-heading-module-wrap .dfd-heading-module .dfd-heading-delimiter {margin-top:10px;margin-bottom:10px;}@media (max-width: 1023px) and (min-width: 800px){.dfd-heading-69da4648da26a .dfd-title{font-size: 24px !important;letter-spacing: 0px !important;line-height: 32px !important;}}@media (max-width: 799px){.dfd-heading-69da4648da26a .dfd-title{font-size: 24px !important;letter-spacing: 0px !important;line-height: 32px !important;}}<\/style>\");\r\n\t\t\t\t\t\t\t\t\t})(jQuery);\r\n\t\t\t\t\t\t\t\t<\/script><\/div><div class=\"dfd-spacer-module\"  data-units=\"px\" data-wide_resolution=\"1280\" data-wide_size=\"40\" data-normal_resolution=\"1024\" data-normal_size=\"40\" data-tablet_resolution=\"800\" data-tablet_size=\"20\" data-mobile_resolution=\"480\" data-mobile_size=\"20\" style=\"height: 40px;\"><\/div><div class=\"dfd-heading-shortcode\"><div class=\"dfd-heading-module-wrap sottolineato2 text-left style_01 cr-animate-gen dfd-heading-69da4648da417 dfd-disable-resposive-headings\" id=\"dfd-heading-69da4648da417\" data-animate-type = \"transition.slideRightIn\" ><div class=\"inline-block\"><div class=\"dfd-heading-module\"><h3 class=\"widget-title dfd-title \" style=\"\">Initiativbewerbungen, denen ein Lebenslauf und ein Motivationsschreiben beigef\u00fcgt sind, k\u00f6nnen an jobs@sriconsulting.ch gesendet werden.<\/p>\n<p>Es ist ratsam, sich 8-12 Monate im Voraus zu bewerben.<\/h3><\/div><\/div><\/div><script type=\"text\/javascript\">\r\n\t\t\t\t\t\t\t\t\t(function($) {\r\n\t\t\t\t\t\t\t\t\t\t$(\"head\").append(\"<style>.dfd-heading-69da4648da417.dfd-heading-module-wrap .dfd-heading-module .dfd-heading-delimiter {margin-top:10px;margin-bottom:10px;}@media (max-width: 1023px) and (min-width: 800px){.dfd-heading-69da4648da417 .dfd-title{font-size: 24px !important;letter-spacing: 0px !important;line-height: 30px !important;}}@media (max-width: 799px){.dfd-heading-69da4648da417 .dfd-title{font-size: 24px !important;letter-spacing: 0px !important;line-height: 30px !important;}}<\/style>\");\r\n\t\t\t\t\t\t\t\t\t})(jQuery);\r\n\t\t\t\t\t\t\t\t<\/script><\/div>[\/vc_column][\/vc_row][vc_row][vc_column]<div class=\"dfd-spacer-module\"  data-units=\"px\" data-wide_resolution=\"1280\" data-wide_size=\"250\" data-normal_resolution=\"1024\" data-normal_size=\"200\" data-tablet_resolution=\"800\" data-tablet_size=\"200\" data-mobile_resolution=\"480\" data-mobile_size=\"150\" style=\"height: 250px;\"><\/div>[\/vc_column][\/vc_row]<\/p>\n<\/div>","protected":false},"excerpt":{"rendered":"<p>[vc_row][vc_column][\/vc_column][\/vc_row][vc_row][vc_column][\/vc_column][\/vc_row][vc_row force_equal_height_columns=&#8220;main_row&#8220; align_content_vertically=&#8220;&#8220; mobile_destroy_equal_heights_resolution=&#8220;799&#8243; css=&#8220;.vc_custom_1683721338207{padding-right: 60px !important;padding-left: 20px !important;}&#8220; mobile_destroy_equal_heights=&#8220;yes&#8220;][vc_column width=&#8220;2\/3&#8243; dfd_column_responsive_enable=&#8220;dfd-column-responsive-enable&#8220; css=&#8220;.vc_custom_1683721319126{border-right-width: 1px !important;padding-right: 40px !important;border-right-color: #000000 !important;border-right-style: solid !important;}&#8220; col_shadow=&#8220;box_shadow_enable:disable|shadow_horizontal:0|shadow_vertical:15|shadow_blur:50|shadow_spread:0|box_shadow_color:rgba(0%2C0%2C0%2C.35)&#8220; col_shadow_hover=&#8220;box_shadow_enable:disable|shadow_horizontal:0|shadow_vertical:15|shadow_blur:50|shadow_spread:0|box_shadow_color:rgba(0%2C0%2C0%2C.35)&#8220; responsive_styles=&#8220;border_right_mobile:0|padding_bottom_mobile:60|padding_right_mobile:0&#8243;][vc_row_inner][vc_column_inner][\/vc_column_inner][\/vc_row_inner][\/vc_column][vc_column width=&#8220;1\/3&#8243; dfd_column_responsive_enable=&#8220;dfd-column-responsive-enable&#8220; css=&#8220;.vc_custom_1683721355350{padding-left: 40px !important;}&#8220; col_shadow=&#8220;box_shadow_enable:disable|shadow_horizontal:0|shadow_vertical:15|shadow_blur:50|shadow_spread:0|box_shadow_color:rgba(0%2C0%2C0%2C.35)&#8220;<\/p>\n","protected":false},"author":1,"featured_media":0,"parent":0,"menu_order":0,"comment_status":"closed","ping_status":"closed","template":"page-custom.php","meta":{"inline_featured_image":false,"_monsterinsights_skip_tracking":false,"_monsterinsights_sitenote_active":false,"_monsterinsights_sitenote_note":"","_monsterinsights_sitenote_category":0,"footnotes":""},"class_list":["post-30465","page","type-page","status-publish","hentry"],"yoast_head":"<!-- This site is optimized with the Yoast SEO plugin v25.1 - https:\/\/yoast.com\/wordpress\/plugins\/seo\/ -->\n<title>Arbeite mit uns - SRI<\/title>\n<meta name=\"description\" content=\"Wir suchen regelm\u00e4\u00dfig junge und motivierte Menschen f\u00fcr Praktika, im Rahmen ihres Studiums oder junge Akademiker.\" \/>\n<meta name=\"robots\" content=\"index, follow, max-snippet:-1, max-image-preview:large, max-video-preview:-1\" \/>\n<link rel=\"canonical\" href=\"https:\/\/sriconsulting.ch\/de\/arbeite-mit-uns\/\" \/>\n<meta property=\"og:locale\" content=\"de_DE\" \/>\n<meta property=\"og:type\" content=\"article\" \/>\n<meta property=\"og:title\" content=\"Arbeite mit uns - SRI\" \/>\n<meta property=\"og:description\" content=\"Wir suchen regelm\u00e4\u00dfig junge und motivierte Menschen f\u00fcr Praktika, im Rahmen ihres Studiums oder junge Akademiker.\" \/>\n<meta property=\"og:url\" content=\"https:\/\/sriconsulting.ch\/de\/arbeite-mit-uns\/\" \/>\n<meta property=\"og:site_name\" content=\"SRI\" \/>\n<meta property=\"article:modified_time\" content=\"2024-05-08T07:22:11+00:00\" \/>\n<meta name=\"twitter:card\" content=\"summary_large_image\" \/>\n<meta name=\"twitter:label1\" content=\"Gesch\u00e4tzte Lesezeit\" \/>\n\t<meta name=\"twitter:data1\" content=\"1\u00a0Minute\" \/>\n<script type=\"application\/ld+json\" class=\"yoast-schema-graph\">{\"@context\":\"https:\/\/schema.org\",\"@graph\":[{\"@type\":\"WebPage\",\"@id\":\"https:\/\/sriconsulting.ch\/de\/arbeite-mit-uns\/\",\"url\":\"https:\/\/sriconsulting.ch\/de\/arbeite-mit-uns\/\",\"name\":\"Arbeite mit uns - SRI\",\"isPartOf\":{\"@id\":\"http:\/\/sriconsulting.ch\/de\/#website\"},\"datePublished\":\"2023-05-10T11:45:47+00:00\",\"dateModified\":\"2024-05-08T07:22:11+00:00\",\"description\":\"Wir suchen regelm\u00e4\u00dfig junge und motivierte Menschen f\u00fcr Praktika, im Rahmen ihres Studiums oder junge Akademiker.\",\"breadcrumb\":{\"@id\":\"https:\/\/sriconsulting.ch\/de\/arbeite-mit-uns\/#breadcrumb\"},\"inLanguage\":\"de\",\"potentialAction\":[{\"@type\":\"ReadAction\",\"target\":[\"https:\/\/sriconsulting.ch\/de\/arbeite-mit-uns\/\"]}]},{\"@type\":\"BreadcrumbList\",\"@id\":\"https:\/\/sriconsulting.ch\/de\/arbeite-mit-uns\/#breadcrumb\",\"itemListElement\":[{\"@type\":\"ListItem\",\"position\":1,\"name\":\"Home\",\"item\":\"https:\/\/sriconsulting.ch\/de\/\"},{\"@type\":\"ListItem\",\"position\":2,\"name\":\"Arbeite mit uns\"}]},{\"@type\":\"WebSite\",\"@id\":\"http:\/\/sriconsulting.ch\/de\/#website\",\"url\":\"http:\/\/sriconsulting.ch\/de\/\",\"name\":\"SRI Management Consulting\",\"description\":\"MANAGEMENT CONSULTING\",\"publisher\":{\"@id\":\"http:\/\/sriconsulting.ch\/de\/#organization\"},\"potentialAction\":[{\"@type\":\"SearchAction\",\"target\":{\"@type\":\"EntryPoint\",\"urlTemplate\":\"http:\/\/sriconsulting.ch\/de\/?s={search_term_string}\"},\"query-input\":{\"@type\":\"PropertyValueSpecification\",\"valueRequired\":true,\"valueName\":\"search_term_string\"}}],\"inLanguage\":\"de\"},{\"@type\":\"Organization\",\"@id\":\"http:\/\/sriconsulting.ch\/de\/#organization\",\"name\":\"SRI Management Consulting\",\"url\":\"http:\/\/sriconsulting.ch\/de\/\",\"logo\":{\"@type\":\"ImageObject\",\"inLanguage\":\"de\",\"@id\":\"http:\/\/sriconsulting.ch\/de\/#\/schema\/logo\/image\/\",\"url\":\"http:\/\/sriconsulting.ch\/wp-content\/uploads\/2023\/06\/SRI_logo_positivo.svg\",\"contentUrl\":\"http:\/\/sriconsulting.ch\/wp-content\/uploads\/2023\/06\/SRI_logo_positivo.svg\",\"width\":\"1024\",\"height\":\"1024\",\"caption\":\"SRI Management Consulting\"},\"image\":{\"@id\":\"http:\/\/sriconsulting.ch\/de\/#\/schema\/logo\/image\/\"},\"sameAs\":[\"https:\/\/www.linkedin.com\/company\/sri-management-consulting\/?original_referer=httpssriconsulting.ch\"]}]}<\/script>\n<!-- \/ Yoast SEO plugin. -->","yoast_head_json":{"title":"Arbeite mit uns - SRI","description":"Wir suchen regelm\u00e4\u00dfig junge und motivierte Menschen f\u00fcr Praktika, im Rahmen ihres Studiums oder junge Akademiker.","robots":{"index":"index","follow":"follow","max-snippet":"max-snippet:-1","max-image-preview":"max-image-preview:large","max-video-preview":"max-video-preview:-1"},"canonical":"https:\/\/sriconsulting.ch\/de\/arbeite-mit-uns\/","og_locale":"de_DE","og_type":"article","og_title":"Arbeite mit uns - SRI","og_description":"Wir suchen regelm\u00e4\u00dfig junge und motivierte Menschen f\u00fcr Praktika, im Rahmen ihres Studiums oder junge Akademiker.","og_url":"https:\/\/sriconsulting.ch\/de\/arbeite-mit-uns\/","og_site_name":"SRI","article_modified_time":"2024-05-08T07:22:11+00:00","twitter_card":"summary_large_image","twitter_misc":{"Gesch\u00e4tzte Lesezeit":"1\u00a0Minute"},"schema":{"@context":"https:\/\/schema.org","@graph":[{"@type":"WebPage","@id":"https:\/\/sriconsulting.ch\/de\/arbeite-mit-uns\/","url":"https:\/\/sriconsulting.ch\/de\/arbeite-mit-uns\/","name":"Arbeite mit uns - SRI","isPartOf":{"@id":"http:\/\/sriconsulting.ch\/de\/#website"},"datePublished":"2023-05-10T11:45:47+00:00","dateModified":"2024-05-08T07:22:11+00:00","description":"Wir suchen regelm\u00e4\u00dfig junge und motivierte Menschen f\u00fcr Praktika, im Rahmen ihres Studiums oder junge Akademiker.","breadcrumb":{"@id":"https:\/\/sriconsulting.ch\/de\/arbeite-mit-uns\/#breadcrumb"},"inLanguage":"de","potentialAction":[{"@type":"ReadAction","target":["https:\/\/sriconsulting.ch\/de\/arbeite-mit-uns\/"]}]},{"@type":"BreadcrumbList","@id":"https:\/\/sriconsulting.ch\/de\/arbeite-mit-uns\/#breadcrumb","itemListElement":[{"@type":"ListItem","position":1,"name":"Home","item":"https:\/\/sriconsulting.ch\/de\/"},{"@type":"ListItem","position":2,"name":"Arbeite mit uns"}]},{"@type":"WebSite","@id":"http:\/\/sriconsulting.ch\/de\/#website","url":"http:\/\/sriconsulting.ch\/de\/","name":"SRI Management Consulting","description":"MANAGEMENT CONSULTING","publisher":{"@id":"http:\/\/sriconsulting.ch\/de\/#organization"},"potentialAction":[{"@type":"SearchAction","target":{"@type":"EntryPoint","urlTemplate":"http:\/\/sriconsulting.ch\/de\/?s={search_term_string}"},"query-input":{"@type":"PropertyValueSpecification","valueRequired":true,"valueName":"search_term_string"}}],"inLanguage":"de"},{"@type":"Organization","@id":"http:\/\/sriconsulting.ch\/de\/#organization","name":"SRI Management Consulting","url":"http:\/\/sriconsulting.ch\/de\/","logo":{"@type":"ImageObject","inLanguage":"de","@id":"http:\/\/sriconsulting.ch\/de\/#\/schema\/logo\/image\/","url":"http:\/\/sriconsulting.ch\/wp-content\/uploads\/2023\/06\/SRI_logo_positivo.svg","contentUrl":"http:\/\/sriconsulting.ch\/wp-content\/uploads\/2023\/06\/SRI_logo_positivo.svg","width":"1024","height":"1024","caption":"SRI Management Consulting"},"image":{"@id":"http:\/\/sriconsulting.ch\/de\/#\/schema\/logo\/image\/"},"sameAs":["https:\/\/www.linkedin.com\/company\/sri-management-consulting\/?original_referer=httpssriconsulting.ch"]}]}},"_links":{"self":[{"href":"https:\/\/sriconsulting.ch\/de\/wp-json\/wp\/v2\/pages\/30465","targetHints":{"allow":["GET"]}}],"collection":[{"href":"https:\/\/sriconsulting.ch\/de\/wp-json\/wp\/v2\/pages"}],"about":[{"href":"https:\/\/sriconsulting.ch\/de\/wp-json\/wp\/v2\/types\/page"}],"author":[{"embeddable":true,"href":"https:\/\/sriconsulting.ch\/de\/wp-json\/wp\/v2\/users\/1"}],"replies":[{"embeddable":true,"href":"https:\/\/sriconsulting.ch\/de\/wp-json\/wp\/v2\/comments?post=30465"}],"version-history":[{"count":13,"href":"https:\/\/sriconsulting.ch\/de\/wp-json\/wp\/v2\/pages\/30465\/revisions"}],"predecessor-version":[{"id":31527,"href":"https:\/\/sriconsulting.ch\/de\/wp-json\/wp\/v2\/pages\/30465\/revisions\/31527"}],"wp:attachment":[{"href":"https:\/\/sriconsulting.ch\/de\/wp-json\/wp\/v2\/media?parent=30465"}],"curies":[{"name":"wp","href":"https:\/\/api.w.org\/{rel}","templated":true}]}}