{"id":30459,"date":"2023-07-26T10:57:42","date_gmt":"2023-07-26T08:57:42","guid":{"rendered":"https:\/\/sriconsulting.ch\/das-team\/simone-mariconda\/"},"modified":"2023-12-12T13:59:23","modified_gmt":"2023-12-12T12:59:23","slug":"simone-mariconda","status":"publish","type":"page","link":"https:\/\/sriconsulting.ch\/de\/das-team\/simone-mariconda\/","title":{"rendered":"Simone Mariconda"},"content":{"rendered":"<div class=\"wpb-content-wrapper\"><p>[vc_row css=&#8220;.vc_custom_1685525235773{background-color: #d10019 !important;}&#8220;][vc_column column_bg_check=&#8220;column-background-dark&#8220; col_shadow=&#8220;box_shadow_enable:disable|shadow_horizontal:0|shadow_vertical:15|shadow_blur:50|shadow_spread:0|box_shadow_color:rgba(0%2C0%2C0%2C.35)&#8220; col_shadow_hover=&#8220;box_shadow_enable:disable|shadow_horizontal:0|shadow_vertical:15|shadow_blur:50|shadow_spread:0|box_shadow_color:rgba(0%2C0%2C0%2C.35)&#8220;]<div class=\"dfd-spacer-module\"  data-units=\"px\" data-wide_resolution=\"1100\" data-wide_size=\"142\" data-normal_resolution=\"1024\" data-normal_size=\"142\" data-tablet_resolution=\"800\" data-tablet_size=\"142\" data-mobile_resolution=\"480\" data-mobile_size=\"142\" style=\"height: 142px;\"><\/div>[\/vc_column][\/vc_row][vc_row css=&#8220;.vc_custom_1687339585895{padding-right: 20px !important;padding-left: 20px !important;}&#8220;][vc_column]<div class=\"dfd-spacer-module\"  data-units=\"px\" data-wide_resolution=\"1280\" data-wide_size=\"100\" data-normal_resolution=\"1024\" data-normal_size=\"100\" data-tablet_resolution=\"800\" data-tablet_size=\"80\" data-mobile_resolution=\"480\" data-mobile_size=\"80\" style=\"height: 100px;\"><\/div>[vc_row_inner el_class=&#8220;indietro&#8220; css=&#8220;.vc_custom_1690358366328{margin-bottom: 45px !important;border-bottom-width: 1px !important;padding-bottom: 7px !important;border-bottom-color: #000000 !important;border-bottom-style: solid !important;}&#8220;][vc_column_inner width=&#8220;1\/2&#8243;]<div class=\"dfd-info-banner style-01  delimiter-hidden  text-left\" ><div class=\"image-cover \"><img loading=\"lazy\" decoding=\"async\" src=\"https:\/\/sriconsulting.ch\/wp-content\/uploads\/2023\/06\/SRI_freccia_sinistra_black.svg\" alt=\"Image\"  width=\"28\" height=\"350\" class=\"info-banner-image \" \/><\/div><a href=\"https:\/\/www.sriconsulting.ch\/de\/das-team\/valentina-maj\/\"  class=\"full-box-link\"><\/a><\/div><div class=\"dfd-info-banner style-01  delimiter-hidden  text-left\" ><div class=\"image-cover \"><img loading=\"lazy\" decoding=\"async\" src=\"https:\/\/sriconsulting.ch\/wp-content\/uploads\/2023\/06\/SRI_freccia_destra_black.svg\" alt=\"Image\"  width=\"28\" height=\"350\" class=\"info-banner-image \" \/><\/div><a href=\"https:\/\/www.sriconsulting.ch\/de\/das-team\/elisa-robustelli\/\"  class=\"full-box-link\"><\/a><\/div>[\/vc_column_inner][vc_column_inner width=&#8220;1\/2&#8243;]<div id=\"dfd-button-69f87785c6cfd\" class=\"dfd-button-module-wrap dfd-button-69f87785c6cfd\"><div class=\"dfd-button-module  style_1 text-right dfd-horizontal dfd-top-to-bottom dfd-button-icon-left dfd-button-icon-hover-simple\" ><a href=\"https:\/\/www.sriconsulting.ch\/de\/das-team\/\" class=\"dfd-button-link\"><span class=\"dfd-button-inner-cover\"><span class=\"dfd-button-text-main\">TEAM<\/span><\/span><\/a><\/div><script type=\"text\/javascript\">\r\n\t\t\t\t\t\t\t\t\t(function($) {$(\"head\").append(\"<style>#dfd-button-69f87785c6cfd.dfd-button-module-wrap .dfd-button-module .dfd-button-link .dfd-button-inner-cover .dfd-button-text-main, .dfd-button-69f87785c6cfd.dfd-button-module-wrap .dfd-button-module .dfd-button-link .dfd-button-inner-cover .dfd-button-text-main, .dfd-button-69f87785c6cfd.dfd-button-module-wrap .dfd-button-module .dfd-button-link .dfd-button-inner-cover .dfd-button-text-hover, #dfd-button-69f87785c6cfd.dfd-button-module-wrap .dfd-button-module .dfd-button-link .dfd-button-inner-cover .dfd-button-text-hover {padding-left: 0px;}#dfd-button-69f87785c6cfd.dfd-button-module-wrap .dfd-button-module .dfd-button-link .dfd-button-inner-cover .dfd-button-text-main, .dfd-button-69f87785c6cfd.dfd-button-module-wrap .dfd-button-module .dfd-button-link .dfd-button-inner-cover .dfd-button-text-main, .dfd-button-69f87785c6cfd.dfd-button-module-wrap .dfd-button-module .dfd-button-link .dfd-button-inner-cover .dfd-button-text-hover, #dfd-button-69f87785c6cfd.dfd-button-module-wrap .dfd-button-module .dfd-button-link .dfd-button-inner-cover .dfd-button-text-hover {padding-right: 0px;}#dfd-button-69f87785c6cfd.dfd-button-module-wrap .dfd-button-module .dfd-button-link .dfd-button-inner-cover .dfd-button-text-main, .dfd-button-69f87785c6cfd.dfd-button-module-wrap .dfd-button-module .dfd-button-link .dfd-button-inner-cover .dfd-button-text-main, .dfd-button-69f87785c6cfd.dfd-button-module-wrap .dfd-button-module .dfd-button-link .dfd-button-inner-cover .dfd-button-text-hover, #dfd-button-69f87785c6cfd.dfd-button-module-wrap .dfd-button-module .dfd-button-link .dfd-button-inner-cover .dfd-button-text-hover {font-size: 16px; font-family: NeueMontrealRegular; line-height: 22px; letter-spacing: 3px; }#dfd-button-69f87785c6cfd.dfd-button-module-wrap .dfd-button-module .dfd-button-link .dfd-button-inner-cover .dfd-button-text-main,.dfd-button-69f87785c6cfd.dfd-button-module-wrap .dfd-button-module .dfd-button-link .dfd-button-inner-cover .dfd-button-text-main {color: #000000}#dfd-button-69f87785c6cfd.dfd-button-module-wrap .dfd-button-module .dfd-button-link .dfd-button-inner-cover,.dfd-button-69f87785c6cfd.dfd-button-module-wrap .dfd-button-module .dfd-button-link .dfd-button-border-decoration,.dfd-button-69f87785c6cfd.dfd-button-module-wrap .dfd-button-module .dfd-button-link .dfd-button-inner-cover {border-radius:0px;}#dfd-button-69f87785c6cfd.dfd-button-module-wrap .dfd-button-module:not(.style_4) .dfd-button-link .dfd-button-inner-cover:before,#dfd-button-69f87785c6cfd.dfd-button-module-wrap .dfd-button-module.style_4 .dfd-button-link .dfd-button-inner-cover:after,#dfd-button-69f87785c6cfd.dfd-button-module-wrap .dfd-button-module.style_6 .dfd-button-link .dfd-button-inner-cover .dfd-button-text-main,.dfd-button-69f87785c6cfd.dfd-button-module-wrap .dfd-button-module:not(.style_4) .dfd-button-link .dfd-button-inner-cover:before,.dfd-button-69f87785c6cfd.dfd-button-module-wrap .dfd-button-module.style_4 .dfd-button-link .dfd-button-inner-cover:after,.dfd-button-69f87785c6cfd.dfd-button-module-wrap .dfd-button-module.style_6 .dfd-button-link .dfd-button-inner-cover .dfd-button-text-main {background: rgba(27,27,27,0.01);border-style:solid;border-top-width:0px;border-right-width:0px;border-bottom-width:1px;border-left-width:0px;border-radius:0px;border-color:#ffffff;}#dfd-button-69f87785c6cfd.dfd-button-module-wrap .dfd-button-module:not(.style_6) .dfd-button-link:hover .dfd-button-inner-cover .dfd-button-text-main,#dfd-button-69f87785c6cfd.dfd-button-module-wrap .dfd-button-module .dfd-button-link .dfd-button-inner-cover .dfd-button-text-hover,.dfd-button-69f87785c6cfd.dfd-button-module-wrap .dfd-button-module:not(.style_6) .dfd-button-link:hover .dfd-button-inner-cover .dfd-button-text-main,.dfd-button-69f87785c6cfd.dfd-button-module-wrap .dfd-button-module .dfd-button-link .dfd-button-inner-cover .dfd-button-text-hover {color: #000000;}#dfd-button-69f87785c6cfd.dfd-button-module-wrap .dfd-button-module .dfd-button-link:hover .dfd-button-inner-cover,.dfd-button-69f87785c6cfd.dfd-button-module-wrap .dfd-button-module .dfd-button-link:hover .dfd-button-border-decoration,.dfd-button-69f87785c6cfd.dfd-button-module-wrap .dfd-button-module .dfd-button-link:hover .dfd-button-inner-cover {border-radius:0px;}#dfd-button-69f87785c6cfd.dfd-button-module-wrap .dfd-button-module:not(.style_4) .dfd-button-link .dfd-button-inner-cover:after,#dfd-button-69f87785c6cfd.dfd-button-module-wrap .dfd-button-module.style_4 .dfd-button-link .dfd-button-inner-cover:before,#dfd-button-69f87785c6cfd.dfd-button-module-wrap .dfd-button-module .dfd-button-link .dfd-button-inner-cover .dfd-button-text-hover .dfd-button-69f87785c6cfd.dfd-button-module-wrap .dfd-button-module:not(.style_4) .dfd-button-link .dfd-button-inner-cover:after,.dfd-button-69f87785c6cfd.dfd-button-module-wrap .dfd-button-module.style_4 .dfd-button-link .dfd-button-inner-cover:before,.dfd-button-69f87785c6cfd.dfd-button-module-wrap .dfd-button-module .dfd-button-link .dfd-button-inner-cover .dfd-button-text-hover {background: rgba(195,159,118,0.01);border-style:solid;border-top-width:0px;border-right-width:0px;border-bottom-width:1px;border-left-width:0px;border-radius:0px;border-color:#ffffff;}#dfd-button-69f87785c6cfd.dfd-button-module-wrap .dfd-button-module.style_3 .dfd-button-link:hover .dfd-button-inner-cover:before,#dfd-button-69f87785c6cfd.dfd-button-module-wrap .dfd-button-module.style_4 .dfd-button-link:hover .dfd-button-inner-cover:before,.dfd-button-69f87785c6cfd.dfd-button-module-wrap .dfd-button-module.style_3 .dfd-button-link:hover .dfd-button-inner-cover:before,.dfd-button-69f87785c6cfd.dfd-button-module-wrap .dfd-button-module.style_4 .dfd-button-link:hover .dfd-button-inner-cover:before {border-style:solid;border-top-width:0px;border-right-width:0px;border-bottom-width:1px;border-left-width:0px;border-radius:0px;border-color:#ffffff;}<\/style>\")\r\n\t\t\t\t\t\t\t\t\t})(jQuery);\r\n\t\t\t\t\t\t\t\t<\/script><\/div>[\/vc_column_inner][\/vc_row_inner][\/vc_column][\/vc_row][vc_row css=&#8220;.vc_custom_1685525416434{padding-right: 20px !important;padding-left: 20px !important;}&#8220;][vc_column width=&#8220;1\/2&#8243; dfd_column_responsive_enable=&#8220;dfd-column-responsive-enable&#8220; css=&#8220;.vc_custom_1685533849669{padding-right: 20px !important;}&#8220; col_shadow=&#8220;box_shadow_enable:disable|shadow_horizontal:0|shadow_vertical:15|shadow_blur:50|shadow_spread:0|box_shadow_color:rgba(0%2C0%2C0%2C.35)&#8220; col_shadow_hover=&#8220;box_shadow_enable:disable|shadow_horizontal:0|shadow_vertical:15|shadow_blur:50|shadow_spread:0|box_shadow_color:rgba(0%2C0%2C0%2C.35)&#8220; responsive_styles=&#8220;padding_bottom_mobile:40|padding_right_mobile:0&#8243;][vc_single_image image=&#8220;29178&#8243; img_size=&#8220;full&#8220;][\/vc_column][vc_column width=&#8220;1\/2&#8243; dfd_column_responsive_enable=&#8220;dfd-column-responsive-enable&#8220; col_shadow=&#8220;box_shadow_enable:disable|shadow_horizontal:0|shadow_vertical:15|shadow_blur:50|shadow_spread:0|box_shadow_color:rgba(0%2C0%2C0%2C.35)&#8220; col_shadow_hover=&#8220;box_shadow_enable:disable|shadow_horizontal:0|shadow_vertical:15|shadow_blur:50|shadow_spread:0|box_shadow_color:rgba(0%2C0%2C0%2C.35)&#8220; css=&#8220;.vc_custom_1685533857027{padding-left: 20px !important;}&#8220; responsive_styles=&#8220;padding_left_mobile:0&#8243;]<div class=\"dfd-heading-shortcode\"><div class=\"dfd-heading-module-wrap  text-left style_01 dfd-heading-69f87785c6e44 dfd-disable-resposive-headings\" id=\"dfd-heading-69f87785c6e44\" ><div class=\"inline-block\"><div class=\"dfd-heading-module\"><h2 class=\"widget-title dfd-title \" style=\"color: #d10019 !important; \">Simone Mariconda<\/h2><h2 class=\"widget-sub-title dfd-sub-title \" style=\"\">Senior consultant<\/h2><\/div><\/div><\/div><script type=\"text\/javascript\">\r\n\t\t\t\t\t\t\t\t\t(function($) {\r\n\t\t\t\t\t\t\t\t\t\t$(\"head\").append(\"<style>.dfd-heading-69f87785c6e44 .dfd-heading-module .widget-sub-title {margin-bottom:20px;}.dfd-heading-69f87785c6e44.dfd-heading-module-wrap .dfd-heading-module .dfd-heading-delimiter {margin-top:10px;margin-bottom:10px;}<\/style>\");\r\n\t\t\t\t\t\t\t\t\t})(jQuery);\r\n\t\t\t\t\t\t\t\t<\/script><\/div>[vc_column_text css=&#8220;.vc_custom_1700221029529{padding-bottom: 60px !important;}&#8220;]<span style=\"color: #d10019;\">Studienabschluss: <\/span>PhD in Kommunikationswissenschaften (USI &#8211; Universit\u00e0 della Svizzera italiana)<\/p>\n<p><span style=\"color: #d10019;\">Im Unternehmen seit: <\/span>2014<\/p>\n<p><span style=\"color: #d10019;\">Kernkompetenzen: <\/span>Unternehmensstrategie, Reputationsmanagement; Corporate Communication; Krisenkommunikation; CSR; Weiterbildung.<\/p>\n<p><span style=\"color: #d10019;\">Au\u00dferhalb des B\u00fcros: <\/span>Als begeisterter Pink-Floyd-Fan spielte er leidenschaftlich Klavier. Heute widmet er sich Fernsehserien, esoterischer Musik und Wanderungen in den Bergen oder Stadtspazierg\u00e4ngen.[\/vc_column_text]<div id=\"dfd-soc-icon-69f87785c6f8d-9478\" class=\"dfd-new-soc-icon text-left style-1 left_to_right   \" ><div class=\"soc-icon-container clearfix\"><a href=\"https:\/\/www.linkedin.com\/in\/simonemariconda\/\"  target=\"_blank\"  class=\"soc_icon-linkedin\"><i class=\"soc_icon-linkedin\"><\/i><\/a><\/div><\/div><script type=\"text\/javascript\">\r\n\t\t\t\t\t\t\t(function($) {\r\n\t\t\t\t\t\t\t\t$(\"head\").append(\"<style>#dfd-soc-icon-69f87785c6f8d-9478.dfd-new-soc-icon.style-12 a:after {background: #ffffff;}#dfd-soc-icon-69f87785c6f8d-9478.dfd-new-soc-icon a {font-size: 15px; margin-right: 10px; color: #ffffff; background: #707070; }#dfd-soc-icon-69f87785c6f8d-9478.dfd-new-soc-icon a:before {}#dfd-soc-icon-69f87785c6f8d-9478.dfd-new-soc-icon a i {}<\/style>\");\r\n\t\t\t\t\t\t\t})(jQuery);\r\n\t\t\t\t\t\t<\/script>[\/vc_column][\/vc_row][vc_row][vc_column]<div class=\"dfd-spacer-module\"  data-units=\"px\" data-wide_resolution=\"1280\" data-wide_size=\"250\" data-normal_resolution=\"1024\" data-normal_size=\"200\" data-tablet_resolution=\"800\" data-tablet_size=\"200\" data-mobile_resolution=\"480\" data-mobile_size=\"150\" style=\"height: 250px;\"><\/div>[\/vc_column][\/vc_row]<\/p>\n<\/div>","protected":false},"excerpt":{"rendered":"<p>[vc_row css=&#8220;.vc_custom_1685525235773{background-color: #d10019 !important;}&#8220;][vc_column column_bg_check=&#8220;column-background-dark&#8220; col_shadow=&#8220;box_shadow_enable:disable|shadow_horizontal:0|shadow_vertical:15|shadow_blur:50|shadow_spread:0|box_shadow_color:rgba(0%2C0%2C0%2C.35)&#8220; col_shadow_hover=&#8220;box_shadow_enable:disable|shadow_horizontal:0|shadow_vertical:15|shadow_blur:50|shadow_spread:0|box_shadow_color:rgba(0%2C0%2C0%2C.35)&#8220;][\/vc_column][\/vc_row][vc_row css=&#8220;.vc_custom_1687339585895{padding-right: 20px !important;padding-left: 20px !important;}&#8220;][vc_column][vc_row_inner el_class=&#8220;indietro&#8220; css=&#8220;.vc_custom_1690358366328{margin-bottom: 45px !important;border-bottom-width: 1px !important;padding-bottom: 7px !important;border-bottom-color: #000000 !important;border-bottom-style: solid !important;}&#8220;][vc_column_inner width=&#8220;1\/2&#8243;][\/vc_column_inner][vc_column_inner width=&#8220;1\/2&#8243;][\/vc_column_inner][\/vc_row_inner][\/vc_column][\/vc_row][vc_row css=&#8220;.vc_custom_1685525416434{padding-right: 20px !important;padding-left: 20px<\/p>\n","protected":false},"author":1,"featured_media":0,"parent":30429,"menu_order":0,"comment_status":"closed","ping_status":"closed","template":"page-custom.php","meta":{"inline_featured_image":false,"_monsterinsights_skip_tracking":false,"_monsterinsights_sitenote_active":false,"_monsterinsights_sitenote_note":"","_monsterinsights_sitenote_category":0,"footnotes":""},"class_list":["post-30459","page","type-page","status-publish","hentry"],"yoast_head":"<!-- This site is optimized with the Yoast SEO plugin v25.1 - https:\/\/yoast.com\/wordpress\/plugins\/seo\/ -->\n<title>Simone Mariconda - SRI<\/title>\n<meta name=\"description\" content=\"Komplement\u00e4re F\u00e4higkeiten und eine langj\u00e4hrige Erfahrung, die wir in verschiedenen Bereichen, sind die Markenzeichen unseres Teams.\" \/>\n<meta name=\"robots\" content=\"index, follow, max-snippet:-1, max-image-preview:large, max-video-preview:-1\" \/>\n<link rel=\"canonical\" href=\"https:\/\/sriconsulting.ch\/de\/das-team\/simone-mariconda\/\" \/>\n<meta property=\"og:locale\" content=\"de_DE\" \/>\n<meta property=\"og:type\" content=\"article\" \/>\n<meta property=\"og:title\" content=\"Simone Mariconda - SRI\" \/>\n<meta property=\"og:description\" content=\"Komplement\u00e4re F\u00e4higkeiten und eine langj\u00e4hrige Erfahrung, die wir in verschiedenen Bereichen, sind die Markenzeichen unseres Teams.\" \/>\n<meta property=\"og:url\" content=\"https:\/\/sriconsulting.ch\/de\/das-team\/simone-mariconda\/\" \/>\n<meta property=\"og:site_name\" content=\"SRI\" \/>\n<meta property=\"article:modified_time\" content=\"2023-12-12T12:59:23+00:00\" \/>\n<meta name=\"twitter:card\" content=\"summary_large_image\" \/>\n<meta name=\"twitter:label1\" content=\"Gesch\u00e4tzte Lesezeit\" \/>\n\t<meta name=\"twitter:data1\" content=\"1\u00a0Minute\" \/>\n<script type=\"application\/ld+json\" class=\"yoast-schema-graph\">{\"@context\":\"https:\/\/schema.org\",\"@graph\":[{\"@type\":\"WebPage\",\"@id\":\"https:\/\/sriconsulting.ch\/de\/das-team\/simone-mariconda\/\",\"url\":\"https:\/\/sriconsulting.ch\/de\/das-team\/simone-mariconda\/\",\"name\":\"Simone Mariconda - SRI\",\"isPartOf\":{\"@id\":\"https:\/\/sriconsulting.ch\/de\/#website\"},\"datePublished\":\"2023-07-26T08:57:42+00:00\",\"dateModified\":\"2023-12-12T12:59:23+00:00\",\"description\":\"Komplement\u00e4re F\u00e4higkeiten und eine langj\u00e4hrige Erfahrung, die wir in verschiedenen Bereichen, sind die Markenzeichen unseres Teams.\",\"breadcrumb\":{\"@id\":\"https:\/\/sriconsulting.ch\/de\/das-team\/simone-mariconda\/#breadcrumb\"},\"inLanguage\":\"de\",\"potentialAction\":[{\"@type\":\"ReadAction\",\"target\":[\"https:\/\/sriconsulting.ch\/de\/das-team\/simone-mariconda\/\"]}]},{\"@type\":\"BreadcrumbList\",\"@id\":\"https:\/\/sriconsulting.ch\/de\/das-team\/simone-mariconda\/#breadcrumb\",\"itemListElement\":[{\"@type\":\"ListItem\",\"position\":1,\"name\":\"Home\",\"item\":\"https:\/\/sriconsulting.ch\/de\/\"},{\"@type\":\"ListItem\",\"position\":2,\"name\":\"Das team\",\"item\":\"https:\/\/sriconsulting.ch\/de\/das-team\/\"},{\"@type\":\"ListItem\",\"position\":3,\"name\":\"Simone Mariconda\"}]},{\"@type\":\"WebSite\",\"@id\":\"https:\/\/sriconsulting.ch\/de\/#website\",\"url\":\"https:\/\/sriconsulting.ch\/de\/\",\"name\":\"SRI Management Consulting\",\"description\":\"MANAGEMENT CONSULTING\",\"publisher\":{\"@id\":\"https:\/\/sriconsulting.ch\/de\/#organization\"},\"potentialAction\":[{\"@type\":\"SearchAction\",\"target\":{\"@type\":\"EntryPoint\",\"urlTemplate\":\"https:\/\/sriconsulting.ch\/de\/?s={search_term_string}\"},\"query-input\":{\"@type\":\"PropertyValueSpecification\",\"valueRequired\":true,\"valueName\":\"search_term_string\"}}],\"inLanguage\":\"de\"},{\"@type\":\"Organization\",\"@id\":\"https:\/\/sriconsulting.ch\/de\/#organization\",\"name\":\"SRI Management Consulting\",\"url\":\"https:\/\/sriconsulting.ch\/de\/\",\"logo\":{\"@type\":\"ImageObject\",\"inLanguage\":\"de\",\"@id\":\"https:\/\/sriconsulting.ch\/de\/#\/schema\/logo\/image\/\",\"url\":\"http:\/\/sriconsulting.ch\/wp-content\/uploads\/2023\/06\/SRI_logo_positivo.svg\",\"contentUrl\":\"http:\/\/sriconsulting.ch\/wp-content\/uploads\/2023\/06\/SRI_logo_positivo.svg\",\"width\":\"1024\",\"height\":\"1024\",\"caption\":\"SRI Management Consulting\"},\"image\":{\"@id\":\"https:\/\/sriconsulting.ch\/de\/#\/schema\/logo\/image\/\"},\"sameAs\":[\"https:\/\/www.linkedin.com\/company\/sri-management-consulting\/?original_referer=httpssriconsulting.ch\"]}]}<\/script>\n<!-- \/ Yoast SEO plugin. -->","yoast_head_json":{"title":"Simone Mariconda - SRI","description":"Komplement\u00e4re F\u00e4higkeiten und eine langj\u00e4hrige Erfahrung, die wir in verschiedenen Bereichen, sind die Markenzeichen unseres Teams.","robots":{"index":"index","follow":"follow","max-snippet":"max-snippet:-1","max-image-preview":"max-image-preview:large","max-video-preview":"max-video-preview:-1"},"canonical":"https:\/\/sriconsulting.ch\/de\/das-team\/simone-mariconda\/","og_locale":"de_DE","og_type":"article","og_title":"Simone Mariconda - SRI","og_description":"Komplement\u00e4re F\u00e4higkeiten und eine langj\u00e4hrige Erfahrung, die wir in verschiedenen Bereichen, sind die Markenzeichen unseres Teams.","og_url":"https:\/\/sriconsulting.ch\/de\/das-team\/simone-mariconda\/","og_site_name":"SRI","article_modified_time":"2023-12-12T12:59:23+00:00","twitter_card":"summary_large_image","twitter_misc":{"Gesch\u00e4tzte Lesezeit":"1\u00a0Minute"},"schema":{"@context":"https:\/\/schema.org","@graph":[{"@type":"WebPage","@id":"https:\/\/sriconsulting.ch\/de\/das-team\/simone-mariconda\/","url":"https:\/\/sriconsulting.ch\/de\/das-team\/simone-mariconda\/","name":"Simone Mariconda - SRI","isPartOf":{"@id":"https:\/\/sriconsulting.ch\/de\/#website"},"datePublished":"2023-07-26T08:57:42+00:00","dateModified":"2023-12-12T12:59:23+00:00","description":"Komplement\u00e4re F\u00e4higkeiten und eine langj\u00e4hrige Erfahrung, die wir in verschiedenen Bereichen, sind die Markenzeichen unseres Teams.","breadcrumb":{"@id":"https:\/\/sriconsulting.ch\/de\/das-team\/simone-mariconda\/#breadcrumb"},"inLanguage":"de","potentialAction":[{"@type":"ReadAction","target":["https:\/\/sriconsulting.ch\/de\/das-team\/simone-mariconda\/"]}]},{"@type":"BreadcrumbList","@id":"https:\/\/sriconsulting.ch\/de\/das-team\/simone-mariconda\/#breadcrumb","itemListElement":[{"@type":"ListItem","position":1,"name":"Home","item":"https:\/\/sriconsulting.ch\/de\/"},{"@type":"ListItem","position":2,"name":"Das team","item":"https:\/\/sriconsulting.ch\/de\/das-team\/"},{"@type":"ListItem","position":3,"name":"Simone Mariconda"}]},{"@type":"WebSite","@id":"https:\/\/sriconsulting.ch\/de\/#website","url":"https:\/\/sriconsulting.ch\/de\/","name":"SRI Management Consulting","description":"MANAGEMENT CONSULTING","publisher":{"@id":"https:\/\/sriconsulting.ch\/de\/#organization"},"potentialAction":[{"@type":"SearchAction","target":{"@type":"EntryPoint","urlTemplate":"https:\/\/sriconsulting.ch\/de\/?s={search_term_string}"},"query-input":{"@type":"PropertyValueSpecification","valueRequired":true,"valueName":"search_term_string"}}],"inLanguage":"de"},{"@type":"Organization","@id":"https:\/\/sriconsulting.ch\/de\/#organization","name":"SRI Management Consulting","url":"https:\/\/sriconsulting.ch\/de\/","logo":{"@type":"ImageObject","inLanguage":"de","@id":"https:\/\/sriconsulting.ch\/de\/#\/schema\/logo\/image\/","url":"http:\/\/sriconsulting.ch\/wp-content\/uploads\/2023\/06\/SRI_logo_positivo.svg","contentUrl":"http:\/\/sriconsulting.ch\/wp-content\/uploads\/2023\/06\/SRI_logo_positivo.svg","width":"1024","height":"1024","caption":"SRI Management Consulting"},"image":{"@id":"https:\/\/sriconsulting.ch\/de\/#\/schema\/logo\/image\/"},"sameAs":["https:\/\/www.linkedin.com\/company\/sri-management-consulting\/?original_referer=httpssriconsulting.ch"]}]}},"_links":{"self":[{"href":"https:\/\/sriconsulting.ch\/de\/wp-json\/wp\/v2\/pages\/30459","targetHints":{"allow":["GET"]}}],"collection":[{"href":"https:\/\/sriconsulting.ch\/de\/wp-json\/wp\/v2\/pages"}],"about":[{"href":"https:\/\/sriconsulting.ch\/de\/wp-json\/wp\/v2\/types\/page"}],"author":[{"embeddable":true,"href":"https:\/\/sriconsulting.ch\/de\/wp-json\/wp\/v2\/users\/1"}],"replies":[{"embeddable":true,"href":"https:\/\/sriconsulting.ch\/de\/wp-json\/wp\/v2\/comments?post=30459"}],"version-history":[{"count":7,"href":"https:\/\/sriconsulting.ch\/de\/wp-json\/wp\/v2\/pages\/30459\/revisions"}],"predecessor-version":[{"id":31332,"href":"https:\/\/sriconsulting.ch\/de\/wp-json\/wp\/v2\/pages\/30459\/revisions\/31332"}],"up":[{"embeddable":true,"href":"https:\/\/sriconsulting.ch\/de\/wp-json\/wp\/v2\/pages\/30429"}],"wp:attachment":[{"href":"https:\/\/sriconsulting.ch\/de\/wp-json\/wp\/v2\/media?parent=30459"}],"curies":[{"name":"wp","href":"https:\/\/api.w.org\/{rel}","templated":true}]}}